{"id":57,"date":"2019-07-10T11:33:46","date_gmt":"2019-07-10T09:33:46","guid":{"rendered":"http:\/\/agciconsult.net\/fr\/?page_id=57"},"modified":"2026-01-12T15:29:11","modified_gmt":"2026-01-12T14:29:11","slug":"procedure","status":"publish","type":"page","link":"http:\/\/agciconsult.net\/fr\/procedure\/","title":{"rendered":"Proc\u00e9dures"},"content":{"rendered":"\n<p><\/p>\n\n\n<h2>T\u00e9l\u00e9chargez nos proc\u00e9dures p\u00e9dagogiques<\/h2>\n<blockquote>\n<p>D\u00e9couvrez l&rsquo;ensemble des proc\u00e9dures p\u00e9dagogiques mises en place afin d&rsquo;assurer une formation et un suivi dans les meilleurs conditions<\/p>\n<\/blockquote>\n\n\n<div class=\"wp-block-file\"><a href=\"http:\/\/agciconsult.net\/fr\/wp-content\/uploads\/2026\/01\/1-Organigramme.pdf\">1-Organigramme<\/a><a href=\"http:\/\/agciconsult.net\/fr\/wp-content\/uploads\/2026\/01\/1-Organigramme.pdf\" class=\"wp-block-file__button\" download>T\u00e9l\u00e9charger<\/a><\/div>\n\n\n\n<hr class=\"wp-block-separator\"\/>\n\n\n\n<div class=\"wp-block-file\"><a href=\"http:\/\/agciconsult.net\/fr\/wp-content\/uploads\/2026\/01\/2-Procedures-admission.pdf\">2-Proc\u00e9dures admission<\/a><a href=\"http:\/\/agciconsult.net\/fr\/wp-content\/uploads\/2026\/01\/2-Procedures-admission.pdf\" class=\"wp-block-file__button\" download>T\u00e9l\u00e9charger<\/a><\/div>\n\n\n\n<hr class=\"wp-block-separator\"\/>\n\n\n\n<div class=\"wp-block-file\"><a href=\"http:\/\/agciconsult.net\/fr\/wp-content\/uploads\/2026\/01\/3-Procedure-Mise-en-place-formation.pdf\">3-Proc\u00e9dure Mise en place formation<\/a><a href=\"http:\/\/agciconsult.net\/fr\/wp-content\/uploads\/2026\/01\/3-Procedure-Mise-en-place-formation.pdf\" class=\"wp-block-file__button\" download>T\u00e9l\u00e9charger<\/a><\/div>\n\n\n\n<hr class=\"wp-block-separator\"\/>\n\n\n\n<div class=\"wp-block-file\"><a href=\"http:\/\/agciconsult.net\/fr\/wp-content\/uploads\/2026\/01\/4-Procedure-des-appreciations.pdf\">4-Procedure-des-appreciations<\/a><a href=\"http:\/\/agciconsult.net\/fr\/wp-content\/uploads\/2026\/01\/4-Procedure-des-appreciations.pdf\" class=\"wp-block-file__button\" download>T\u00e9l\u00e9charger<\/a><\/div>\n\n\n\n<hr class=\"wp-block-separator\"\/>\n\n\n\n<div class=\"wp-block-file\"><a href=\"http:\/\/agciconsult.net\/fr\/wp-content\/uploads\/2026\/01\/5-Procedure-evaluation-formation.pdf\">5-Procedure-evaluation-formation<\/a><a href=\"http:\/\/agciconsult.net\/fr\/wp-content\/uploads\/2026\/01\/5-Procedure-evaluation-formation.pdf\" class=\"wp-block-file__button\" download>T\u00e9l\u00e9charger<\/a><\/div>\n\n\n\n<hr class=\"wp-block-separator\"\/>\n\n\n\n<div class=\"wp-block-file\"><a href=\"http:\/\/agciconsult.net\/fr\/wp-content\/uploads\/2026\/01\/6-Suivi-des-evaluations.pdf\">6-Suivi-des-evaluations<\/a><a href=\"http:\/\/agciconsult.net\/fr\/wp-content\/uploads\/2026\/01\/6-Suivi-des-evaluations.pdf\" class=\"wp-block-file__button\" download>T\u00e9l\u00e9charger<\/a><\/div>\n\n\n\n<hr class=\"wp-block-separator\"\/>\n\n\n\n<div class=\"wp-block-file\"><a href=\"http:\/\/agciconsult.net\/fr\/wp-content\/uploads\/2026\/01\/7-Procedures-actions-correctives.pdf\">7-Procedures-actions-correctives<\/a><a href=\"http:\/\/agciconsult.net\/fr\/wp-content\/uploads\/2026\/01\/7-Procedures-actions-correctives.pdf\" class=\"wp-block-file__button\" download>T\u00e9l\u00e9charger<\/a><\/div>\n\n\n\n<hr class=\"wp-block-separator\"\/>\n\n\n\n<div class=\"wp-block-file\"><a href=\"http:\/\/agciconsult.net\/fr\/wp-content\/uploads\/2026\/01\/8-Procedures-de-sortie.pdf\">8-Procedures-de-sortie<\/a><a href=\"http:\/\/agciconsult.net\/fr\/wp-content\/uploads\/2026\/01\/8-Procedures-de-sortie.pdf\" class=\"wp-block-file__button\" download>T\u00e9l\u00e9charger<\/a><\/div>\n\n\n\n<hr class=\"wp-block-separator\"\/>\n\n\n\n<div class=\"wp-block-file\"><a href=\"http:\/\/agciconsult.net\/fr\/wp-content\/uploads\/2026\/01\/9-Procedures-Absence-beneficiaire.pdf\">9-Procedures-Absence-beneficiaire<\/a><a href=\"http:\/\/agciconsult.net\/fr\/wp-content\/uploads\/2026\/01\/9-Procedures-Absence-beneficiaire.pdf\" class=\"wp-block-file__button\" download>T\u00e9l\u00e9charger<\/a><\/div>\n\n\n\n<hr class=\"wp-block-separator\"\/>\n\n\n\n<div class=\"wp-block-file\"><a href=\"http:\/\/agciconsult.net\/fr\/wp-content\/uploads\/2026\/01\/10-Procedures-Absence-formateur.pdf\">10-Procedures-Absence-formateur<\/a><a href=\"http:\/\/agciconsult.net\/fr\/wp-content\/uploads\/2026\/01\/10-Procedures-Absence-formateur.pdf\" class=\"wp-block-file__button\" download>T\u00e9l\u00e9charger<\/a><\/div>\n\n\n\n<hr class=\"wp-block-separator\"\/>\n\n\n\n<div class=\"wp-block-file\"><a href=\"http:\/\/agciconsult.net\/fr\/wp-content\/uploads\/2026\/01\/11-Modalites-pedagogiques.pdf\">11-Modalites-pedagogiques<\/a><a href=\"http:\/\/agciconsult.net\/fr\/wp-content\/uploads\/2026\/01\/11-Modalites-pedagogiques.pdf\" class=\"wp-block-file__button\" download>T\u00e9l\u00e9charger<\/a><\/div>\n\n\n\n<hr class=\"wp-block-separator\"\/>\n\n\n\n<div class=\"wp-block-file\"><a href=\"http:\/\/agciconsult.net\/fr\/wp-content\/uploads\/2026\/01\/12-Procedure-recrutement-des-formateurs-externes.pdf\">12-Procedure-recrutement-des-formateurs-externes<\/a><a href=\"http:\/\/agciconsult.net\/fr\/wp-content\/uploads\/2026\/01\/12-Procedure-recrutement-des-formateurs-externes.pdf\" class=\"wp-block-file__button\" download>T\u00e9l\u00e9charger<\/a><\/div>\n","protected":false},"excerpt":{"rendered":"<p>T\u00e9l\u00e9chargez nos proc\u00e9dures p\u00e9dagogiques D\u00e9couvrez l&rsquo;ensemble des proc\u00e9dures p\u00e9dagogiques mises en place afin d&rsquo;assurer une formation et un suivi dans les meilleurs conditions<\/p>\n","protected":false},"author":1,"featured_media":0,"parent":0,"menu_order":0,"comment_status":"closed","ping_status":"closed","template":"","meta":[],"_links":{"self":[{"href":"http:\/\/agciconsult.net\/fr\/wp-json\/wp\/v2\/pages\/57"}],"collection":[{"href":"http:\/\/agciconsult.net\/fr\/wp-json\/wp\/v2\/pages"}],"about":[{"href":"http:\/\/agciconsult.net\/fr\/wp-json\/wp\/v2\/types\/page"}],"author":[{"embeddable":true,"href":"http:\/\/agciconsult.net\/fr\/wp-json\/wp\/v2\/users\/1"}],"replies":[{"embeddable":true,"href":"http:\/\/agciconsult.net\/fr\/wp-json\/wp\/v2\/comments?post=57"}],"version-history":[{"count":18,"href":"http:\/\/agciconsult.net\/fr\/wp-json\/wp\/v2\/pages\/57\/revisions"}],"predecessor-version":[{"id":514,"href":"http:\/\/agciconsult.net\/fr\/wp-json\/wp\/v2\/pages\/57\/revisions\/514"}],"wp:attachment":[{"href":"http:\/\/agciconsult.net\/fr\/wp-json\/wp\/v2\/media?parent=57"}],"curies":[{"name":"wp","href":"https:\/\/api.w.org\/{rel}","templated":true}]}}