{"id":517,"date":"2026-01-12T17:43:17","date_gmt":"2026-01-12T16:43:17","guid":{"rendered":"http:\/\/agciconsult.net\/fr\/?page_id=517"},"modified":"2026-01-12T17:43:17","modified_gmt":"2026-01-12T16:43:17","slug":"power-bi-les-fondamentaux","status":"publish","type":"page","link":"http:\/\/agciconsult.net\/fr\/power-bi-les-fondamentaux\/","title":{"rendered":"Power BI Les fondamentaux"},"content":{"rendered":"\n<h2>&nbsp;<\/h2>\n\n\n\n<h3>Objectif :<br><br><\/h3>\n\n\n\n<p>\u00catre capable d\u2019importer des donn\u00e9es de diverses sources et de les transformer.<br>\u00catre capable de g\u00e9rer les liens entre sources de donn\u00e9es<br>\u00catre capable de cr\u00e9er des rapports et de les publier<br>\u00catre capable de lire des donn\u00e9es dans PowerBI Services<\/p>\n\n\n\n<h3>Dur\u00e9e :<br><br><\/h3>\n\n\n\n<p>2 Jours soit 14 heures<\/p>\n\n\n\n<h3>Public :<br><br><\/h3>\n\n\n\n<p>Toute personne devant g\u00e9rer des donn\u00e9es et cr\u00e9er des rapports dans Power BI Desktop<\/p>\n\n\n\n<h3>Pr\u00e9-requis<br><br><\/h3>\n\n\n\n<p>Bonne connaissance d\u2019un tableur ou d\u2019un gestionnaire de base de donn\u00e9es<\/p>\n\n\n\n<hr class=\"wp-block-separator\"\/>\n\n\n\n<p><span style=\"color: #000000;\"><strong>1. Pr\u00e9sentation de Power BI<\/strong><\/span><\/p>\n\n\n\n<p>*D\u00e9finition de la Business Intelligence<br>*Qu\u2019est-ce que Power BI<br>*Vocabulaire<\/p>\n\n\n\n<p><strong><span style=\"color: #000000;\">2. Importer des donn\u00e9es<\/span><\/strong><\/p>\n\n\n\n<p>*Liste des diff\u00e9rents types de donn\u00e9es<br>*Charger des donn\u00e9es<br>*Modifier des donn\u00e9es<\/p>\n\n\n\n<p><strong><span style=\"color: #000000;\">3. Power Query<\/span><\/strong><\/p>\n\n\n\n<p>*Pr\u00e9sentation de Power Query<br>*Types de donn\u00e9es<br>*Choisir des colonnes<br>*Transformer des donn\u00e9es<br>*Ajouter des colonnes<br>*Colonnes conditionnelles<br>*Langage M<br>*Organiser des requ\u00eates<br>*Fusionner des requ\u00eates<\/p>\n\n\n\n<p><span style=\"color: #000000;\"><strong>4. Interface principale \u2013 Cr\u00e9er des visualisations<\/strong><\/span><\/p>\n\n\n\n<p><\/p>\n\n\n\n<p>*Pr\u00e9sentation de l\u2019interface<br>*Cr\u00e9er des visualisations de type texte<br>*Cr\u00e9er des visualisations de type num\u00e9rique<br>*Cr\u00e9er des graphiques<\/p>\n\n\n\n<p><span style=\"color: #000000;\"><strong>5. Liaisons entre requ\u00eates<\/strong><\/span><\/p>\n\n\n\n<p>*Mise en place d\u2019un mod\u00e8le relationnel<br>*Pr\u00e9sentation de l\u2019interface de mod\u00e9lisation<\/p>\n\n\n\n<p><span style=\"color: #000000;\"><strong>6. Les filtres<\/strong><\/span><\/p>\n\n\n\n<p>*Cr\u00e9er des filtres de page<br>*Cr\u00e9er des filtres de visualisation<br>*Cr\u00e9er des segments<br>*Synchronisation des filtres<\/p>\n\n\n\n<p><strong><span style=\"color: #000000;\">7. Mise en forme des visualisations<\/span><\/strong><\/p>\n\n\n\n<p>*Pr\u00e9sentation du bouton Format<br>*Options de formatage<br>*Options d\u2019affichages<\/p>\n\n\n\n<p><strong><span style=\"color: #000000;\">8. Langage DAX<\/span><\/strong><\/p>\n\n\n\n<p>*Cr\u00e9ation de mesures<br>*Fonctions d\u2019agr\u00e9gation et it\u00e9ratives<br>*Fonctions Texte<br>*Fonction \u00ab calculate \u00bb<br>*Fonctions \u00ab Related \u00bb et \u00ab RetatedTable \u00bb<br>*Calendarauto<\/p>\n\n\n\n<p><strong><span style=\"color: #000000;\">9. Visualisations avanc\u00e9es<\/span><\/strong><\/p>\n\n\n\n<p>* Carte g\u00e9ographique<br>* Notions de longitude et Latitude<br>* Histogramme empil\u00e9<br>* Jauge<\/p>\n\n\n\n<p><strong><span style=\"color: #000000;\">10. Fonctionnalit\u00e9s avanc\u00e9es<\/span> (nouveau)<\/strong><\/p>\n\n\n\n<p>* Forage de donn\u00e9es (notion d\u2019exploration)<br>* Extraire des donn\u00e9es<br>*Les signets<br>*Les param\u00e8tres de champs<br>*Liens hypertexte<\/p>\n\n\n\n<p><strong><span style=\"color: #000000;\">11. Publier vers Power BI Services<\/span><\/strong><\/p>\n\n\n\n<p>* Fonctionnalit\u00e9s essentielles<\/p>\n\n\n\n<p>Cette formation est accessible aux personnes en situation d&rsquo;handicap<\/p>\n","protected":false},"excerpt":{"rendered":"<p>&nbsp; Objectif : \u00catre capable d\u2019importer des donn\u00e9es de diverses sources et de les transformer.\u00catre capable de g\u00e9rer les liens entre sources de donn\u00e9es\u00catre capable de cr\u00e9er des rapports et de les publier\u00catre capable de lire des donn\u00e9es dans PowerBI&hellip; <\/p>\n","protected":false},"author":1,"featured_media":0,"parent":0,"menu_order":0,"comment_status":"closed","ping_status":"closed","template":"","meta":[],"_links":{"self":[{"href":"http:\/\/agciconsult.net\/fr\/wp-json\/wp\/v2\/pages\/517"}],"collection":[{"href":"http:\/\/agciconsult.net\/fr\/wp-json\/wp\/v2\/pages"}],"about":[{"href":"http:\/\/agciconsult.net\/fr\/wp-json\/wp\/v2\/types\/page"}],"author":[{"embeddable":true,"href":"http:\/\/agciconsult.net\/fr\/wp-json\/wp\/v2\/users\/1"}],"replies":[{"embeddable":true,"href":"http:\/\/agciconsult.net\/fr\/wp-json\/wp\/v2\/comments?post=517"}],"version-history":[{"count":1,"href":"http:\/\/agciconsult.net\/fr\/wp-json\/wp\/v2\/pages\/517\/revisions"}],"predecessor-version":[{"id":518,"href":"http:\/\/agciconsult.net\/fr\/wp-json\/wp\/v2\/pages\/517\/revisions\/518"}],"wp:attachment":[{"href":"http:\/\/agciconsult.net\/fr\/wp-json\/wp\/v2\/media?parent=517"}],"curies":[{"name":"wp","href":"https:\/\/api.w.org\/{rel}","templated":true}]}}