{"id":49,"date":"2019-07-10T11:31:31","date_gmt":"2019-07-10T09:31:31","guid":{"rendered":"http:\/\/agciconsult.net\/fr\/?page_id=49"},"modified":"2019-07-10T16:05:32","modified_gmt":"2019-07-10T14:05:32","slug":"filemaker-pro","status":"publish","type":"page","link":"http:\/\/agciconsult.net\/fr\/filemaker-pro\/","title":{"rendered":"FileMaker Pro"},"content":{"rendered":"<p><strong>Objectif :<\/strong> \u00catre capable d\u2019\u00e9laborer une base de donn\u00e9es, de la modifier et d\u2019\u00e9tablir des \u00e9tats de synth\u00e8ses<br \/>\n<strong>Dur\u00e9e :<\/strong> 2 Jours<br \/>\n<strong>Public :<\/strong> Toute personne devant cr\u00e9er et g\u00e9rer une base de donn\u00e9es sous File Maker Pro<br \/>\n<strong>Pr\u00e9-requis :<\/strong> Conna\u00eetre l\u2019environnement syst\u00e8me<\/p>\n<hr \/>\n<h3>Pr\u00e9sentation d\u2019une base de donn\u00e9es<\/h3>\n<p>&#8211; D\u00e9finition<br \/>\n&#8211; Exemples<\/p>\n<h3>Pr\u00e9sentation de FileMaker Pro<\/h3>\n<p>&#8211; Les modes de travail<br \/>\n&#8211; Les rubriques<br \/>\n&#8211; Les enregistrements<\/p>\n<h3>Cr\u00e9ation d\u2019une base de donn\u00e9es<\/h3>\n<p>&#8211; Cr\u00e9ation de tables<br \/>\n&#8211; Cr\u00e9ation de rubriques<br \/>\n&#8211; Options de rubriques<br \/>\n&#8211; Modification de rubriques<br \/>\n&#8211; Suppression de rubriques<br \/>\n&#8211; Liaisons entre tables<br \/>\n&#8211; Cr\u00e9ation de listes de valeurs<\/p>\n<h3>Les mod\u00e8les<\/h3>\n<p>&#8211; Les diff\u00e9rents types de mod\u00e8les (Vierge, Etiquette, Lettres de publipostages\u2026)<br \/>\n&#8211; Nommer un mod\u00e8le<br \/>\n&#8211; Mise en place de rubriques<br \/>\n&#8211; Options de rubriques (Listes d\u00e9roulantes, Cases \u00e0 cocher\u2026)<br \/>\n&#8211; Mise en forme du mod\u00e8le<br \/>\n&#8211; Les tables externes<\/p>\n<h3>Les rubriques \u00ab sp\u00e9ciales \u00bb<\/h3>\n<p>&#8211; Les rubriques Multim\u00e9dia<br \/>\n&#8211; Les rubriques calculs<br \/>\n&#8211; Les rubriques statistiques<\/p>\n<h3>Tris et Recherches<\/h3>\n<p>&#8211; Trier des enregistrements<br \/>\n&#8211; Rechercher des enregistrements<br \/>\n&#8211; Les op\u00e9rateurs de recherches<br \/>\n&#8211; Recherches multiples<\/p>\n<h3>Les rapports<\/h3>\n<p>&#8211; Les r\u00e9capitulatifs<br \/>\n&#8211; Les sous-r\u00e9capitulatifs avec tri<\/p>\n<h3>Les Imports<\/h3>\n<p>&#8211; De donn\u00e9es<br \/>\n&#8211; De r\u00e9pertoires<\/p>\n<h3>Les Exports<\/h3>\n<p>&#8211; Vers Excel<br \/>\n&#8211; HTML<\/p>\n<h3>Protection d\u2019une base de donn\u00e9es<\/h3>\n<p>&#8211; Les mots de passe<br \/>\n&#8211; Les diff\u00e9rents acc\u00e8s<\/p>\n<h3>Les scripts<\/h3>\n<p>&#8211; Les boutons actions<br \/>\n&#8211; Cr\u00e9ation de scripts simples<\/p>\n","protected":false},"excerpt":{"rendered":"<p>Objectif : \u00catre capable d\u2019\u00e9laborer une base de donn\u00e9es, de la modifier et d\u2019\u00e9tablir des \u00e9tats de synth\u00e8ses Dur\u00e9e : 2 Jours Public : Toute personne devant cr\u00e9er et g\u00e9rer une base de donn\u00e9es sous File Maker Pro Pr\u00e9-requis :&hellip; <\/p>\n","protected":false},"author":1,"featured_media":0,"parent":0,"menu_order":0,"comment_status":"closed","ping_status":"closed","template":"","meta":[],"_links":{"self":[{"href":"http:\/\/agciconsult.net\/fr\/wp-json\/wp\/v2\/pages\/49"}],"collection":[{"href":"http:\/\/agciconsult.net\/fr\/wp-json\/wp\/v2\/pages"}],"about":[{"href":"http:\/\/agciconsult.net\/fr\/wp-json\/wp\/v2\/types\/page"}],"author":[{"embeddable":true,"href":"http:\/\/agciconsult.net\/fr\/wp-json\/wp\/v2\/users\/1"}],"replies":[{"embeddable":true,"href":"http:\/\/agciconsult.net\/fr\/wp-json\/wp\/v2\/comments?post=49"}],"version-history":[{"count":2,"href":"http:\/\/agciconsult.net\/fr\/wp-json\/wp\/v2\/pages\/49\/revisions"}],"predecessor-version":[{"id":269,"href":"http:\/\/agciconsult.net\/fr\/wp-json\/wp\/v2\/pages\/49\/revisions\/269"}],"wp:attachment":[{"href":"http:\/\/agciconsult.net\/fr\/wp-json\/wp\/v2\/media?parent=49"}],"curies":[{"name":"wp","href":"https:\/\/api.w.org\/{rel}","templated":true}]}}