{"id":47,"date":"2019-07-10T11:31:08","date_gmt":"2019-07-10T09:31:08","guid":{"rendered":"http:\/\/agciconsult.net\/fr\/?page_id=47"},"modified":"2021-07-16T17:03:58","modified_gmt":"2021-07-16T15:03:58","slug":"excel","status":"publish","type":"page","link":"http:\/\/agciconsult.net\/fr\/excel\/","title":{"rendered":"Excel"},"content":{"rendered":"<h2>Microsoft VISIO<\/h2>\n<p><strong>Objectif :<\/strong> Etre capable de cr\u00e9er des dessins professionnels dans Visio.<br \/>\n<strong>Dur\u00e9e :<\/strong> 2 jours<br \/>\n<strong>Public :<\/strong> R\u00e9dacteurs, dessinateurs de bureau d&rsquo;\u00e9tudes, toute personne ayant \u00e0 r\u00e9aliser des dessins, sch\u00e9mas ou diagrammes.<br \/>\n<strong>Pr\u00e9-requis :<\/strong> Conna\u00eetre Windows<\/p>\n<hr \/>\n<h3>Pr\u00e9sentation du logiciel<\/h3>\n<p>Domaines d\u2019application<br \/>\nCr\u00e9er un dessin<br \/>\nChoisir un mod\u00e8le<br \/>\nPr\u00e9sentation de l\u2019interface<\/p>\n<h3>Les Gabarits<\/h3>\n<p>D\u00e9finition (.VSSX)<br \/>\nS\u00e9lectionner un gabarit<br \/>\nGestion de l\u2019affichage des gabarits<br \/>\nGabarit Favoris<br \/>\nGabarit du document<\/p>\n<h3>Dessiner<\/h3>\n<p>Les Outils de dessin<br \/>\nTracer une forme avec l\u2019outil dessin<br \/>\nLier des formes<br \/>\nSaisir du texte<br \/>\nMise en forme des formes tracer<\/p>\n<h3>Utiliser les formes des Gabarits<\/h3>\n<p>Ins\u00e9rer une forme<br \/>\nGestion de la taille et la position d\u2019une forme<br \/>\nLes niveaux de plans<br \/>\nGroupe \/ D\u00e9grouper<br \/>\nFormat de forme<br \/>\nLier des formes<br \/>\nEcrire dans une forme<br \/>\nCr\u00e9er un gabarit personnalis\u00e9<\/p>\n<h3>La mise en page<\/h3>\n<p>Format de page<br \/>\nFormat d\u2019impression<br \/>\nMise \u00e0 l\u2019\u00e9chelle du dessin<\/p>\n<h3>Liens et collages<\/h3>\n<p>Les rep\u00e8res<br \/>\nLes formes \u00ab liaison \u00bb<br \/>\nLes options de collage (aux poignets, aux points de connexion\u2026)<br \/>\nCr\u00e9er des points de connexion<\/p>\n<h3>Les pages d\u2019arri\u00e8re-plan<\/h3>\n<p>Cr\u00e9er une page d\u2019arri\u00e8re-plan<br \/>\nGestion des pages d\u2019arri\u00e8re-plan et de leur affectation<br \/>\nLes champs de documents<\/p>\n<h3>Les calques<\/h3>\n<p>Les calques pr\u00e9d\u00e9finis<br \/>\nLes propri\u00e9t\u00e9s de calques<br \/>\nGestion des calques<\/p>\n<h3>Gestions avanc\u00e9es des formes<\/h3>\n<p>Les protections de formes<br \/>\nLes donn\u00e9es de formes<\/p>\n<h3>Les diagrammes et dessins techniques<\/h3>\n<p>De type plan et b\u00e2timents<br \/>\nDe type informatique<br \/>\nDe type ing\u00e9nierie<\/p>\n<h3>Les logigrammes<\/h3>\n<p>Diagrammes de flux (simples, crois\u00e9s\u2026)<br \/>\nDiagrammes de processus<br \/>\nDiagrammes m\u00e9tiers (Gantt, Six Sigma\u2026)<\/p>\n<h3>Les affichages<\/h3>\n<p>Les options d\u2019affichages<br \/>\nLes fen\u00eatres de travail<\/p>\n<h3>Mise en page, options avanc\u00e9es<\/h3>\n<p>Gestion des mises \u00e0 l\u2019\u00e9chelle<br \/>\nLes options de comportements<\/p>\n","protected":false},"excerpt":{"rendered":"<p>Microsoft VISIO Objectif : Etre capable de cr\u00e9er des dessins professionnels dans Visio. Dur\u00e9e : 2 jours Public : R\u00e9dacteurs, dessinateurs de bureau d&rsquo;\u00e9tudes, toute personne ayant \u00e0 r\u00e9aliser des dessins, sch\u00e9mas ou diagrammes. Pr\u00e9-requis : Conna\u00eetre Windows Pr\u00e9sentation du&hellip; <\/p>\n","protected":false},"author":1,"featured_media":307,"parent":0,"menu_order":0,"comment_status":"closed","ping_status":"closed","template":"","meta":[],"_links":{"self":[{"href":"http:\/\/agciconsult.net\/fr\/wp-json\/wp\/v2\/pages\/47"}],"collection":[{"href":"http:\/\/agciconsult.net\/fr\/wp-json\/wp\/v2\/pages"}],"about":[{"href":"http:\/\/agciconsult.net\/fr\/wp-json\/wp\/v2\/types\/page"}],"author":[{"embeddable":true,"href":"http:\/\/agciconsult.net\/fr\/wp-json\/wp\/v2\/users\/1"}],"replies":[{"embeddable":true,"href":"http:\/\/agciconsult.net\/fr\/wp-json\/wp\/v2\/comments?post=47"}],"version-history":[{"count":3,"href":"http:\/\/agciconsult.net\/fr\/wp-json\/wp\/v2\/pages\/47\/revisions"}],"predecessor-version":[{"id":306,"href":"http:\/\/agciconsult.net\/fr\/wp-json\/wp\/v2\/pages\/47\/revisions\/306"}],"wp:featuredmedia":[{"embeddable":true,"href":"http:\/\/agciconsult.net\/fr\/wp-json\/wp\/v2\/media\/307"}],"wp:attachment":[{"href":"http:\/\/agciconsult.net\/fr\/wp-json\/wp\/v2\/media?parent=47"}],"curies":[{"name":"wp","href":"https:\/\/api.w.org\/{rel}","templated":true}]}}