{"id":462,"date":"2023-05-24T12:07:32","date_gmt":"2023-05-24T10:07:32","guid":{"rendered":"http:\/\/agciconsult.net\/fr\/?page_id=462"},"modified":"2023-05-25T14:41:41","modified_gmt":"2023-05-25T12:41:41","slug":"nos-formules-de-formation","status":"publish","type":"page","link":"http:\/\/agciconsult.net\/fr\/nos-formules-de-formation\/","title":{"rendered":"Nos Formules de formation"},"content":{"rendered":"\n<p>Les responsables de la formation \u00e9coutent et analysent les besoins et objectifs des managers et des stagiaires pour construire au plus pr\u00e9cis des parcours de formation (audits t\u00e9l\u00e9phoniques et\/ou sur site, \u00e9valuations\u2026)<br>Le d\u00e9lai d&rsquo;acc\u00e8s maximum de r\u00e9ponse \u00e0 votre demande d\u2019inscription est de 1 mois, en nous contactant  <a href=\"https:\/\/agciconsult.net\/fr\/contacts\/\" data-type=\"page\" data-id=\"51\">par mail<\/a><\/p>\n\n\n\n<h3>Formations intra-entreprise :<\/h3>\n\n\n\n<div style=\"height:9px\" aria-hidden=\"true\" class=\"wp-block-spacer\"><\/div>\n\n\n\n<p>Ce type de formation pr\u00e9sentielle est dispens\u00e9e uniquement pour votre entreprise dans vos locaux ou dans les notres. Le contenu du programme peut \u00eatre identique \u00e0 celui de notre catalogue ou peut \u00eatre modul\u00e9 en fonction de vos besoins (dur\u00e9e et programme)<\/p>\n\n\n\n<div class=\"wp-block-image\"><figure class=\"aligncenter size-large\"><img loading=\"lazy\" width=\"400\" height=\"248\" src=\"https:\/\/agciconsult.net\/fr\/wp-content\/uploads\/2023\/05\/presentiel.jpg\" alt=\"\" class=\"wp-image-465\" srcset=\"http:\/\/agciconsult.net\/fr\/wp-content\/uploads\/2023\/05\/presentiel.jpg 400w, http:\/\/agciconsult.net\/fr\/wp-content\/uploads\/2023\/05\/presentiel-300x186.jpg 300w\" sizes=\"(max-width: 400px) 100vw, 400px\" \/><\/figure><\/div>\n\n\n\n<div style=\"height:14px\" aria-hidden=\"true\" class=\"wp-block-spacer\"><\/div>\n\n\n\n<h3>Formations en distanciel :<\/h3>\n\n\n\n<div style=\"height:7px\" aria-hidden=\"true\" class=\"wp-block-spacer\"><\/div>\n\n\n\n<p>Suivez vos cours \u00e0 distance en utilisant &nbsp;<strong>une application de collaboration<\/strong> de type Microsoft Teams\u00a9, Zoom\u00a9&#8230;<\/p>\n\n\n\n<p><strong>Gr\u00e2ce \u00e0 nos classes virtuelles :<\/strong><\/p>\n\n\n\n<ul><li>Vous apprenez \u00e0 votre rythme<\/li><li>Vous apprenez de chez vous et comme vous voulez<\/li><li>Vous disposez d\u2019un accompagnement personnalis\u00e9<\/li><\/ul>\n\n\n\n<p>Vous pouvez suivre une formation dans les domaines suivants :<br>&#8211; En langues<br>&#8211; En bureautique<br>&#8211; En techniques graphiques<br>&#8211; En management, d\u00e9veloppement personnel<br>&#8211; En informatique<br><br>NB : Ce type de formation n\u00e9cessite : <\/p>\n\n\n\n<ul><li>1 casque et un micro<\/li><li>1 bonne connection internet<\/li><li>Un environnement calme pour un meilleur apprentissage<\/li><\/ul>\n\n\n\n<p><\/p>\n\n\n\n<div class=\"wp-block-image\"><figure class=\"aligncenter size-large\"><img loading=\"lazy\" width=\"400\" height=\"248\" src=\"https:\/\/agciconsult.net\/fr\/wp-content\/uploads\/2023\/05\/distanciel.jpg\" alt=\"\" class=\"wp-image-466\" srcset=\"http:\/\/agciconsult.net\/fr\/wp-content\/uploads\/2023\/05\/distanciel.jpg 400w, http:\/\/agciconsult.net\/fr\/wp-content\/uploads\/2023\/05\/distanciel-300x186.jpg 300w\" sizes=\"(max-width: 400px) 100vw, 400px\" \/><\/figure><\/div>\n\n\n\n<p><br><\/p>\n\n\n\n<p><\/p>\n","protected":false},"excerpt":{"rendered":"<p>Les responsables de la formation \u00e9coutent et analysent les besoins et objectifs des managers et des stagiaires pour construire au plus pr\u00e9cis des parcours de formation (audits t\u00e9l\u00e9phoniques et\/ou sur site, \u00e9valuations\u2026)Le d\u00e9lai d&rsquo;acc\u00e8s maximum de r\u00e9ponse \u00e0 votre demande&hellip; <\/p>\n","protected":false},"author":1,"featured_media":0,"parent":0,"menu_order":0,"comment_status":"closed","ping_status":"closed","template":"","meta":[],"_links":{"self":[{"href":"http:\/\/agciconsult.net\/fr\/wp-json\/wp\/v2\/pages\/462"}],"collection":[{"href":"http:\/\/agciconsult.net\/fr\/wp-json\/wp\/v2\/pages"}],"about":[{"href":"http:\/\/agciconsult.net\/fr\/wp-json\/wp\/v2\/types\/page"}],"author":[{"embeddable":true,"href":"http:\/\/agciconsult.net\/fr\/wp-json\/wp\/v2\/users\/1"}],"replies":[{"embeddable":true,"href":"http:\/\/agciconsult.net\/fr\/wp-json\/wp\/v2\/comments?post=462"}],"version-history":[{"count":6,"href":"http:\/\/agciconsult.net\/fr\/wp-json\/wp\/v2\/pages\/462\/revisions"}],"predecessor-version":[{"id":480,"href":"http:\/\/agciconsult.net\/fr\/wp-json\/wp\/v2\/pages\/462\/revisions\/480"}],"wp:attachment":[{"href":"http:\/\/agciconsult.net\/fr\/wp-json\/wp\/v2\/media?parent=462"}],"curies":[{"name":"wp","href":"https:\/\/api.w.org\/{rel}","templated":true}]}}