{"id":45,"date":"2019-07-10T11:30:38","date_gmt":"2019-07-10T09:30:38","guid":{"rendered":"http:\/\/agciconsult.net\/fr\/?page_id=45"},"modified":"2023-05-24T12:05:38","modified_gmt":"2023-05-24T10:05:38","slug":"ms-project","status":"publish","type":"page","link":"http:\/\/agciconsult.net\/fr\/ms-project\/","title":{"rendered":"MS Project initiation"},"content":{"rendered":"\n<p class=\"has-black-color has-text-color has-normal-font-size\"><\/p>\n\n\n<h3>Objectif :&nbsp;<p><\/p>\n<\/h3>\n<p>Planifier les t\u00e2ches, les activit\u00e9s et les ressources d\u2019un projet. Suivre l\u2019avancement d\u2019un projet<\/p>\n<h3>Dur\u00e9e :<p><\/p>\n<\/h3>\n<p>3 Jours soit 21 heures<\/p>\n<h3>Public :<p><\/p>\n<\/h3>\n<p>Toutes les personnes devant utiliser le logiciel pour planifier, g\u00e9rer ou contr\u00f4ler des projets<\/p>\n<h3>Pr\u00e9-requis :<p><\/p>\n<\/h3>\n<p>Connaissance de l\u2019environnement Windows.<\/p>\n<hr>\n<p><span style=\"color: #000000;\"><strong data-rich-text-format-boundary=\"true\">Contenu :&nbsp;<\/strong><\/span><\/p>\n<p><span style=\"color: #000000;\"><strong>1. Pr\u00e9sentation<\/strong><\/span><\/p>\n<p><span style=\"color: #808080;\">&#8211; Pr\u00e9sentation du logiciel<\/span><br><span style=\"color: #808080;\">&#8211; Rappel sur quelques notions de m\u00e9thodologie <\/span><span style=\"color: #808080;\">de projet<\/span><\/p>\n<p><strong><span style=\"color: #000000;\">2. Construction d&rsquo;un planning pr\u00e9visionnel.<\/span><\/strong><\/p>\n<p>&#8211;<span style=\"color: #808080;\"> Initialisation d&rsquo;un projet.<\/span><br><span style=\"color: #808080;\">&#8211; Cr\u00e9ation, modification et utilisation des <\/span><span style=\"color: #808080;\">calendriers.<\/span><br><span style=\"color: #808080;\">&#8211; D\u00e9finition des dates de d\u00e9but ou de fin<\/span><br><span style=\"color: #808080;\">&#8211; Saisie et structuration des t\u00e2ches : <\/span><span style=\"color: #808080;\">d\u00e9finition des dur\u00e9es, d\u00e9finition des&nbsp; &nbsp; &nbsp; &nbsp;liens, des <\/span><span style=\"color: #808080;\">contraintes,<\/span><br><span style=\"color: #808080;\">&#8211; Les t\u00e2ches r\u00e9capitulatives<\/span><br><span style=\"color: #808080;\">&#8211; Les t\u00e2ches r\u00e9p\u00e9titives<\/span><br><span style=\"color: #808080;\">&#8211; D\u00e9finition du chemin critique<\/span><br><span style=\"color: #808080;\">&#8211; Param\u00e9trages du GANTT.<\/span><br><span style=\"color: #808080;\">&#8211; Ins\u00e9rer \/ Masquer des colonnes<\/span><\/p>\n<p><span style=\"color: #000000;\"><strong>3. Enregistrement de la planification initiale.<\/strong><\/span><\/p>\n<p><span style=\"color: #808080;\">&#8211; Ensemble du projet.<\/span><br><span style=\"color: #808080;\">&#8211; Par phase de projet.<\/span><br><span style=\"color: #808080;\">&#8211; Planification interm\u00e9diaire.<\/span><\/p>\n<p><span style=\"color: #000000;\"><strong>4. Les affichages.<\/strong><\/span><\/p>\n<p><span style=\"color: #808080;\">&#8211; Utilisation des t\u00e2ches.<\/span><br><span style=\"color: #808080;\">&#8211; Utilisation des ressources.<\/span><br><span style=\"color: #808080;\">&#8211; Graphe des ressources.<\/span><br><span style=\"color: #808080;\">&#8211; Personnalisation.<\/span><br><span style=\"color: #808080;\">&#8211; Cr\u00e9ation d&rsquo;affichages.<\/span><br><span style=\"color: #808080;\">&#8211; Utilisation des affichages simples ou <\/span><span style=\"color: #808080;\">combin\u00e9s.<\/span><\/p>\n<p><strong><span style=\"color: #000000;\">5. Suivi de projet par la dur\u00e9e.<\/span><\/strong><\/p>\n<p><span style=\"color: #808080;\">&#8211; D\u00e9roulement r\u00e9el.<\/span><br><span style=\"color: #808080;\">&#8211; \u00ab Avancer \u00bb un projet<\/span><br><span style=\"color: #808080;\">&#8211; Faire le suivi<\/span><br><span style=\"color: #808080;\">&#8211; Cr\u00e9er des dates de contraintes<\/span><br><span style=\"color: #808080;\">&#8211; Cr\u00e9er des \u00e9ch\u00e9ances<\/span><br><span style=\"color: #808080;\">&#8211; Comparaison avec le planning initial.<\/span><br><span style=\"color: #808080;\">&#8211; Les courbes d\u2019avancement<\/span><br><span style=\"color: #808080;\">&#8211; Utilisation des diagrammes pour le suivi.<\/span><br><span style=\"color: #808080;\">&#8211; Reporter une t\u00e2che<\/span><br><span style=\"color: #808080;\">&#8211; Fractionner une t\u00e2che<\/span><br><span style=\"color: #808080;\">&#8211; Afficher les marges totales<\/span><\/p>\n<p><strong><span style=\"color: #000000;\">6. Les tables<\/span><\/strong><\/p>\n<p><span style=\"color: #808080;\">&#8211; Changer de tables<\/span><br><span style=\"color: #808080;\">&#8211; Modifier une table<\/span><br><span style=\"color: #808080;\">&#8211; Les colonnes \u00ab indicateurs \u00bb<\/span><br><span style=\"color: #808080;\">&#8211; Les colonnes \u00ab Textes \u00bb<\/span><br><span style=\"color: #808080;\">&#8211; Formules de calculs<\/span><\/p>\n<p><strong><span style=\"color: #000000;\">7. Mise en forme du diagramme<\/span><\/strong><\/p>\n<p><span style=\"color: #808080;\">&#8211; Echelle de temps<\/span><br><span style=\"color: #808080;\">&#8211; Mise en forme des barres<\/span><br><span style=\"color: #808080;\">&#8211; Styles des barres<\/span><br><span style=\"color: #808080;\">&#8211; Le quadrillage<\/span><\/p>\n<p><strong><span style=\"color: #000000;\">8. Gestion des donn\u00e9es<\/span><\/strong><\/p>\n<p><span style=\"color: #808080;\">&#8211; Trier un planning<\/span><br><span style=\"color: #808080;\">&#8211; Filtrer un planning<\/span><br><span style=\"color: #808080;\">&#8211; Regrouper des donn\u00e9es<\/span><\/p>\n<p><strong><span style=\"color: #000000;\">9. Impressions du planning, des calendriers.<\/span><\/strong><\/p>\n<p><span style=\"color: #808080;\">&#8211; Mise en page, ent\u00eate pied de page, l\u00e9gende.<\/span><br><span style=\"color: #808080;\">&#8211; Combiner Affichage, table et impression<\/span><br><span style=\"color: #808080;\">&#8211; Imprimer des rapports Project<\/span><\/p>\n<p><strong><span style=\"color: #000000;\">10. Gestion des ressources.<\/span><\/strong><\/p>\n<p><span style=\"color: #808080;\">&#8211; Cr\u00e9ations, param\u00e9trage des ressources.<\/span><br><span style=\"color: #808080;\">&#8211; Calendriers des ressources<\/span><br><span style=\"color: #808080;\">&#8211; Affectation des ressources.<\/span><br><span style=\"color: #808080;\">&#8211; Gestion du co\u00fbt des ressources.<\/span><br><span style=\"color: #808080;\">&#8211; Partager des ressources communes \u00e0 plusieurs <\/span><span style=\"color: #808080;\">projets<\/span><br><span style=\"color: #808080;\">&#8211; Le Planificateur d\u2019\u00e9quipe (\u00e0 partir de la version <\/span><span style=\"color: #808080;\">2010)<\/span><\/p>\n<p><strong><span style=\"color: #000000;\">11. Les co\u00fbts.<\/span><\/strong><\/p>\n<p><span style=\"color: #808080;\">&#8211; Affectation des co\u00fbts fixes.<\/span><br><span style=\"color: #808080;\">&#8211; Etude et analyse des co\u00fbts.<\/span><br><span style=\"color: #808080;\">MS Project Niveau Initiation Page 2 13\/07\/21<\/span><\/p>\n<p><strong><span style=\"color: #000000;\">12. Le Multi projets.<\/span><\/strong><\/p>\n<p><span style=\"color: #808080;\">&#8211; Cr\u00e9er un fichier de consolidations de projets<\/span><br><span style=\"color: #808080;\">&#8211; Ins\u00e9rer un nouveau projet<\/span><br><span style=\"color: #808080;\">&#8211; Lier des projets.<\/span><\/p>\n<p><strong><span style=\"color: #000000;\">13. Imports\/Exports.<\/span><\/strong><\/p>\n<p><span style=\"color: #808080;\">&#8211; Importer des donn\u00e9es Excel<\/span><br><span style=\"color: #808080;\">&#8211; Exporter vers Excel via le mappage<\/span><br><span style=\"color: #808080;\">&#8211; Cr\u00e9er des rapports visuels dans Excel (\u00e0 partir de <\/span><span style=\"color: #808080;\">la version 2007)<\/span><br><span style=\"color: #808080;\">&#8211; Utiliser les rapports de synth\u00e8se (\u00e0 partir de la <\/span><span style=\"color: #808080;\">version 2013)<\/span><\/p>\n\n\n<p>Cette formation est accessible aux personnes en situation d&rsquo;handicap<\/p>\n","protected":false},"excerpt":{"rendered":"<p>Objectif :&nbsp; Planifier les t\u00e2ches, les activit\u00e9s et les ressources d\u2019un projet. Suivre l\u2019avancement d\u2019un projet Dur\u00e9e : 3 Jours soit 21 heures Public : Toutes les personnes devant utiliser le logiciel pour planifier, g\u00e9rer ou contr\u00f4ler des projets Pr\u00e9-requis&hellip; <\/p>\n","protected":false},"author":1,"featured_media":34,"parent":0,"menu_order":0,"comment_status":"closed","ping_status":"closed","template":"","meta":[],"_links":{"self":[{"href":"http:\/\/agciconsult.net\/fr\/wp-json\/wp\/v2\/pages\/45"}],"collection":[{"href":"http:\/\/agciconsult.net\/fr\/wp-json\/wp\/v2\/pages"}],"about":[{"href":"http:\/\/agciconsult.net\/fr\/wp-json\/wp\/v2\/types\/page"}],"author":[{"embeddable":true,"href":"http:\/\/agciconsult.net\/fr\/wp-json\/wp\/v2\/users\/1"}],"replies":[{"embeddable":true,"href":"http:\/\/agciconsult.net\/fr\/wp-json\/wp\/v2\/comments?post=45"}],"version-history":[{"count":10,"href":"http:\/\/agciconsult.net\/fr\/wp-json\/wp\/v2\/pages\/45\/revisions"}],"predecessor-version":[{"id":460,"href":"http:\/\/agciconsult.net\/fr\/wp-json\/wp\/v2\/pages\/45\/revisions\/460"}],"wp:featuredmedia":[{"embeddable":true,"href":"http:\/\/agciconsult.net\/fr\/wp-json\/wp\/v2\/media\/34"}],"wp:attachment":[{"href":"http:\/\/agciconsult.net\/fr\/wp-json\/wp\/v2\/media?parent=45"}],"curies":[{"name":"wp","href":"https:\/\/api.w.org\/{rel}","templated":true}]}}