{"id":449,"date":"2023-05-24T11:59:39","date_gmt":"2023-05-24T09:59:39","guid":{"rendered":"http:\/\/agciconsult.net\/fr\/?page_id=449"},"modified":"2023-05-24T12:05:11","modified_gmt":"2023-05-24T10:05:11","slug":"excel-macro-commandes","status":"publish","type":"page","link":"http:\/\/agciconsult.net\/fr\/excel-macro-commandes\/","title":{"rendered":"Excel MACRO-COMMANDES"},"content":{"rendered":"\n<h3>Objectif : <\/h3>\n\n\n\n<p>\u00catre capable d\u2019enregistrer, d\u2019utiliser et modifier des macro-commandes. \u00catre capable de lire et modifier du code VBA<\/p>\n\n\n\n<h3>Dur\u00e9e :<\/h3>\n\n\n\n<p>1 Jour \u2013 7 heures<\/p>\n\n\n\n<h3>Public :<\/h3>\n\n\n\n<p>Toutes personnes souhaitant automatiser des t\u00e2ches avec le logiciel Excel<\/p>\n\n\n\n<h3>Pr\u00e9-requis<\/h3>\n\n\n\n<p>Conna\u00eetre Excel dans ses manipulations avanc\u00e9es.<\/p>\n\n\n\n<hr class=\"wp-block-separator\"\/>\n\n\n\n<h3><strong>1\u00e8re demi-journ\u00e9e<\/strong><\/h3>\n\n\n\n<p><strong>Introduction et g\u00e9n\u00e9ralit\u00e9s<\/strong><br>\u2013 Qu&rsquo;est-ce qu&rsquo;une macro ?<br>\u2013 Quand utiliser des macros ?<br>\u2013 Les options de param\u00e9trage d&rsquo;Excel pour l&rsquo;ex\u00e9cution des macros<\/p>\n\n\n\n<p><strong>Cr\u00e9ation de macros<\/strong><br>\u2013 Afficher l&rsquo;onglet D\u00e9veloppeur<br>\u2013 Pr\u00e9parer des actions \u00e0 enregistrer<br>\u2013 Utiliser l&rsquo;enregistreur de macros<br>\u2013 Les r\u00e8gles de nommage<br>\u2013 Utiliser les raccourcis clavier<br>\u2013 Choisir l&#8217;emplacement pour enregistrer sa macro<br>\u2013 Identifier le classeur de macros personnelles et son r\u00f4le<br>\u2013 Enregistrer des macros en r\u00e9f\u00e9rences relatives<br>\u2013 Arr\u00eater l&rsquo;enregistrement d&rsquo;une macro Appel des macros<\/p>\n\n\n\n<p><strong>Appel des macros<\/strong><br>\u2013 Appeler la macro par la liste des macros<br>\u2013 Affecter une macro<br>\u2013 A un bouton (contr\u00f4le de formulaire)<br>\u2013 A une image ou une forme automatique<\/p>\n\n\n\n<p><strong>Gestion de la barre d&rsquo;outils rapide<\/strong><br>\u2013 Personnalisation de la barre d&rsquo;outils d&rsquo;acc\u00e8s rapide<\/p>\n\n\n\n<p><strong>Gestion des rubans<\/strong><br>\u2013 Cr\u00e9er un nouvel onglet personnalis\u00e9 sur un ruban<br>\u2013 Rattacher une macro \u00e0 un ruban<br>\u2013 Ajouter ou supprimer des macros d&rsquo;un onglet personnalis\u00e9<\/p>\n\n\n\n<h3>2\u00e8me demi-journ\u00e9e<\/h3>\n\n\n\n<p><strong>Introduction au code VBA <\/strong><br>\u2013 Acc\u00e9der et pr\u00e9senter l&rsquo;environnement Visual Basic Editor<br>\u2013 Lire et interpr\u00e9ter le code VBA<br>\u2013 Notion de base d&rsquo;une instruction VBA<br>\u2013 Collection<br>\u00a0\u2013 Objet<\/p>\n\n\n\n<p>Cette formation est accessible aux personnes en situation d&rsquo;handicap<br><\/p>\n","protected":false},"excerpt":{"rendered":"<p>Objectif : \u00catre capable d\u2019enregistrer, d\u2019utiliser et modifier des macro-commandes. \u00catre capable de lire et modifier du code VBA Dur\u00e9e : 1 Jour \u2013 7 heures Public : Toutes personnes souhaitant automatiser des t\u00e2ches avec le logiciel Excel Pr\u00e9-requis Conna\u00eetre&hellip; <\/p>\n","protected":false},"author":1,"featured_media":0,"parent":0,"menu_order":0,"comment_status":"closed","ping_status":"closed","template":"","meta":[],"_links":{"self":[{"href":"http:\/\/agciconsult.net\/fr\/wp-json\/wp\/v2\/pages\/449"}],"collection":[{"href":"http:\/\/agciconsult.net\/fr\/wp-json\/wp\/v2\/pages"}],"about":[{"href":"http:\/\/agciconsult.net\/fr\/wp-json\/wp\/v2\/types\/page"}],"author":[{"embeddable":true,"href":"http:\/\/agciconsult.net\/fr\/wp-json\/wp\/v2\/users\/1"}],"replies":[{"embeddable":true,"href":"http:\/\/agciconsult.net\/fr\/wp-json\/wp\/v2\/comments?post=449"}],"version-history":[{"count":2,"href":"http:\/\/agciconsult.net\/fr\/wp-json\/wp\/v2\/pages\/449\/revisions"}],"predecessor-version":[{"id":459,"href":"http:\/\/agciconsult.net\/fr\/wp-json\/wp\/v2\/pages\/449\/revisions\/459"}],"wp:attachment":[{"href":"http:\/\/agciconsult.net\/fr\/wp-json\/wp\/v2\/media?parent=449"}],"curies":[{"name":"wp","href":"https:\/\/api.w.org\/{rel}","templated":true}]}}