{"id":447,"date":"2023-05-24T11:45:17","date_gmt":"2023-05-24T09:45:17","guid":{"rendered":"http:\/\/agciconsult.net\/fr\/?page_id=447"},"modified":"2023-05-24T12:03:03","modified_gmt":"2023-05-24T10:03:03","slug":"programme-bo","status":"publish","type":"page","link":"http:\/\/agciconsult.net\/fr\/programme-bo\/","title":{"rendered":"Programme BO"},"content":{"rendered":"\n<h3>Objectif : <\/h3>\n\n\n\n<p><br>\u00catre capable de cr\u00e9er des requ\u00eates, de formater des documents et d\u2019imprimer des rapports<\/p>\n\n\n\n<h3>Dur\u00e9e :<\/h3>\n\n\n\n<p>2 Jours \u2013 14 heures<\/p>\n\n\n\n<h3>Public :<\/h3>\n\n\n\n<p><\/p>\n\n\n\n<p>Toute personne d\u00e9sirant cr\u00e9er des rapports \u00e0 partir de requ\u00eates Business Object<\/p>\n\n\n\n<h3>Pr\u00e9-requis<\/h3>\n\n\n\n<p><\/p>\n\n\n\n<p>Conna\u00eetre l\u2019environnement Windows dans ses manipulations de base.<\/p>\n\n\n\n<hr class=\"wp-block-separator\"\/>\n\n\n\n<p class=\"has-black-color has-text-color has-medium-font-size\"><strong>Contenu<\/strong><\/p>\n\n\n\n<p class=\"has-black-color has-text-color\"><strong>1 &#8211; L\u2019\u00e9diteur de requ\u00eates<\/strong><\/p>\n\n\n\n<p>Pr\u00e9sentation<br>Les conditions pr\u00e9d\u00e9finies<br>Les conditions simples<br>Les conditions complexes Les Tris<\/p>\n\n\n\n<p class=\"has-black-color has-text-color\"><strong>2 &#8211; Les Mod\u00e8les<\/strong><\/p>\n\n\n\n<p>Utilisation de mod\u00e8les<br><\/p>\n\n\n\n<p class=\"has-black-color has-text-color\"><strong>3 &#8211; Formatage de documents<\/strong><\/p>\n\n\n\n<p>La fen\u00eatre Document de Business Objects<br>Manipuler un document<br>Manipulation standard de formatage<br>Manipulation des rapports<br>Imprimer un document<\/p>\n\n\n\n<p class=\"has-black-color has-text-color\"><strong>4 &#8211; Formules, variables et fonctions<\/strong><\/p>\n\n\n\n<p>Formules (somme, Moyenne, %)<br>Fonctions de calculs (Si\u2026)<br>Cr\u00e9ation de Variables<br>Utilisation de variables rapport<\/p>\n\n\n\n<p class=\"has-black-color has-text-color\"><strong>5 &#8211; Formatage Avanc\u00e9<\/strong><br><br>Le mode rotation<br>Les sections<br>Les tris<br>&nbsp;Les filtres<br>Les ruptures<br>Les palmar\u00e8s<br>Les alerteurs<br>Cr\u00e9ation de Diagramme<br>Cr\u00e9ation de tableau crois\u00e9<\/p>\n\n\n\n<p class=\"has-black-color has-text-color\"><strong>6 &#8211; Les op\u00e9rateurs de contexte<\/strong><br><br>PourTout, Dans, PourChaque, O\u00f9<\/p>\n\n\n\n<p class=\"has-black-color has-text-color\"><strong>7 &#8211; Mise en page<\/strong><\/p>\n\n\n\n<p>Affichage Page<br>Marges et Orientation<br>Ent\u00eates et Pied de Page<br>Cellules \u00ab Champ Sp\u00e9cial \u00bb<\/p>\n\n\n\n<p class=\"has-black-color has-text-color\"><strong>8 &#8211; Import et export de donn\u00e9es<\/strong><\/p>\n\n\n\n<p>Exporter au format Excel<br>Enregistrer au format PDF<br>Importer un fichier Excel<\/p>\n\n\n\n<p><strong>9 &#8211; Multi requ\u00eates<\/strong><\/p>\n\n\n\n<p>Gestion de l\u2019op\u00e9rateur de requ\u00eate OU Cr\u00e9er plusieurs requ\u00eates dans le m\u00eame fichier<br>Lier des dimensions<\/p>\n\n\n\n<p class=\"has-black-color has-text-color\"><strong>10 &#8211; R\u00e9qu\u00eates avanc\u00e9es<\/strong><\/p>\n\n\n\n<p>Les sous requ\u00eates<br>Les requetes combin\u00e9es (Union, Intersection et Minus) \u2013<\/p>\n\n\n\n<p><strong>11 &#8211; Questions \/ R\u00e9ponses<\/strong><\/p>\n\n\n\n<p><\/p>\n\n\n\n<p>Cette formation est accessible aux personnes en situation d&rsquo;handicap<\/p>\n","protected":false},"excerpt":{"rendered":"<p>Objectif : \u00catre capable de cr\u00e9er des requ\u00eates, de formater des documents et d\u2019imprimer des rapports Dur\u00e9e : 2 Jours \u2013 14 heures Public : Toute personne d\u00e9sirant cr\u00e9er des rapports \u00e0 partir de requ\u00eates Business Object Pr\u00e9-requis Conna\u00eetre l\u2019environnement&hellip; <\/p>\n","protected":false},"author":1,"featured_media":0,"parent":0,"menu_order":0,"comment_status":"closed","ping_status":"closed","template":"","meta":[],"_links":{"self":[{"href":"http:\/\/agciconsult.net\/fr\/wp-json\/wp\/v2\/pages\/447"}],"collection":[{"href":"http:\/\/agciconsult.net\/fr\/wp-json\/wp\/v2\/pages"}],"about":[{"href":"http:\/\/agciconsult.net\/fr\/wp-json\/wp\/v2\/types\/page"}],"author":[{"embeddable":true,"href":"http:\/\/agciconsult.net\/fr\/wp-json\/wp\/v2\/users\/1"}],"replies":[{"embeddable":true,"href":"http:\/\/agciconsult.net\/fr\/wp-json\/wp\/v2\/comments?post=447"}],"version-history":[{"count":3,"href":"http:\/\/agciconsult.net\/fr\/wp-json\/wp\/v2\/pages\/447\/revisions"}],"predecessor-version":[{"id":454,"href":"http:\/\/agciconsult.net\/fr\/wp-json\/wp\/v2\/pages\/447\/revisions\/454"}],"wp:attachment":[{"href":"http:\/\/agciconsult.net\/fr\/wp-json\/wp\/v2\/media?parent=447"}],"curies":[{"name":"wp","href":"https:\/\/api.w.org\/{rel}","templated":true}]}}