{"id":43,"date":"2019-07-10T11:30:08","date_gmt":"2019-07-10T09:30:08","guid":{"rendered":"http:\/\/agciconsult.net\/fr\/?page_id=43"},"modified":"2023-05-24T12:06:01","modified_gmt":"2023-05-24T10:06:01","slug":"power-bi","status":"publish","type":"page","link":"http:\/\/agciconsult.net\/fr\/power-bi\/","title":{"rendered":"Power BI Desktop"},"content":{"rendered":"\n<h2>&nbsp;<\/h2>\n\n\n\n<h3>Objectif :<br><br><\/h3>\n\n\n\n<p>\u00catre capable d\u2019importer des donn\u00e9es de diverses sources<br>\u00catre capable de transformer des donn\u00e9es<br>\u00catre capable de cr\u00e9er des rapports<\/p>\n\n\n\n<h3>Dur\u00e9e :<br><br><\/h3>\n\n\n\n<p>2 Jours soit 14 heures<\/p>\n\n\n\n<h3>Public :<br><br><\/h3>\n\n\n\n<p>Toute personne devant mettre en place des solutions d\u00e9cisionnelles<\/p>\n\n\n\n<h3>Pr\u00e9-requis<br><br><\/h3>\n\n\n\n<p>Bonne connaissance d\u2019un tableur ou d\u2019un gestionnaire de base de donn\u00e9es<\/p>\n\n\n\n<hr class=\"wp-block-separator\"\/>\n\n\n\n<p><span style=\"color: #000000;\"><strong>1. D\u00e9finition de la Business Intelligence<\/strong><\/span><\/p>\n\n\n\n<p>* Qu\u2019est-ce que Power BI<br>* Vocabulaire<\/p>\n\n\n\n<p><strong><span style=\"color: #000000;\">2. Liste des diff\u00e9rents types de donn\u00e9es<\/span><\/strong><\/p>\n\n\n\n<p>* Charger des donn\u00e9es<br>* Modifier des donn\u00e9es<\/p>\n\n\n\n<p><strong><span style=\"color: #000000;\">3. Pr\u00e9sentation de Power Query<\/span><\/strong><\/p>\n\n\n\n<p>* Types de donn\u00e9es<br>* Choisir des colonnes<br>* Transformer des donn\u00e9es<br>* Ajouter des colonnes<br>* Colonnes conditionnelles<br>* Langage M<br>* Organiser des requ\u00eates<br>* Fusionner des requ\u00eates<\/p>\n\n\n\n<p><span style=\"color: #000000;\"><strong>4. Interface principale \u2013 Cr\u00e9er des visualisations<\/strong><\/span><\/p>\n\n\n\n<p>* Pr\u00e9sentation de l\u2019interface Power BI<br>Desktop<br>* Cr\u00e9er des visualisations de type texte<br>* Cr\u00e9er des visualisations de type num\u00e9rique<br>* Cr\u00e9er des graphiques<\/p>\n\n\n\n<p><span style=\"color: #000000;\"><strong>5. Les filtres<\/strong><\/span><\/p>\n\n\n\n<p>* Cr\u00e9er des filtres de page<br>* Cr\u00e9er des filtres de visualisation<br>* Cr\u00e9er des segments<br>* Synchronisation des filtres<\/p>\n\n\n\n<p><span style=\"color: #000000;\"><strong>6. Mise en forme des visualisations<\/strong><\/span><\/p>\n\n\n\n<p>* Pr\u00e9sentation du bouton Format<br>* Options de formatage<br>* Options d\u2019affichages<\/p>\n\n\n\n<p><strong><span style=\"color: #000000;\">7. Langage DAX<\/span><\/strong><\/p>\n\n\n\n<p>* Cr\u00e9ation de mesures<br>* Fonctions d\u2019agr\u00e9gation<br>* Fonctions Texte<br>* Fonction \u00ab calculate \u00bb<\/p>\n\n\n\n<p><strong><span style=\"color: #000000;\">8. Liaisons entre requ\u00eates<\/span><\/strong><\/p>\n\n\n\n<p>* Mise en place d\u2019un mod\u00e8le relationnel<br>* Pr\u00e9sentation de l\u2019interface de mod\u00e9lisation<\/p>\n\n\n\n<p><strong><span style=\"color: #000000;\">9. Visualisations avanc\u00e9es<\/span><\/strong><\/p>\n\n\n\n<p>* Carte g\u00e9ographique<br>* Notions de longitude et Latitude<br>* Histogramme empil\u00e9<br>* Jauge<\/p>\n\n\n\n<p><strong><span style=\"color: #000000;\">10. Fonctionnalit\u00e9s avanc\u00e9es<\/span><\/strong><\/p>\n\n\n\n<p>* Forage de donn\u00e9es (notion d\u2019exploration)<br>* Extraire des donn\u00e9es<br>* Liens hypertexte<\/p>\n\n\n\n<p><strong><span style=\"color: #000000;\">11. Publier vers Power BI Services<\/span><\/strong><\/p>\n\n\n\n<p>* Pr\u00e9sentation<\/p>\n\n\n\n<p>Cette formation est accessible aux personnes en situation d&rsquo;handicap<\/p>\n","protected":false},"excerpt":{"rendered":"<p>&nbsp; Objectif : \u00catre capable d\u2019importer des donn\u00e9es de diverses sources\u00catre capable de transformer des donn\u00e9es\u00catre capable de cr\u00e9er des rapports Dur\u00e9e : 2 Jours soit 14 heures Public : Toute personne devant mettre en place des solutions d\u00e9cisionnelles Pr\u00e9-requis&hellip; <\/p>\n","protected":false},"author":1,"featured_media":0,"parent":0,"menu_order":0,"comment_status":"closed","ping_status":"closed","template":"","meta":[],"_links":{"self":[{"href":"http:\/\/agciconsult.net\/fr\/wp-json\/wp\/v2\/pages\/43"}],"collection":[{"href":"http:\/\/agciconsult.net\/fr\/wp-json\/wp\/v2\/pages"}],"about":[{"href":"http:\/\/agciconsult.net\/fr\/wp-json\/wp\/v2\/types\/page"}],"author":[{"embeddable":true,"href":"http:\/\/agciconsult.net\/fr\/wp-json\/wp\/v2\/users\/1"}],"replies":[{"embeddable":true,"href":"http:\/\/agciconsult.net\/fr\/wp-json\/wp\/v2\/comments?post=43"}],"version-history":[{"count":13,"href":"http:\/\/agciconsult.net\/fr\/wp-json\/wp\/v2\/pages\/43\/revisions"}],"predecessor-version":[{"id":461,"href":"http:\/\/agciconsult.net\/fr\/wp-json\/wp\/v2\/pages\/43\/revisions\/461"}],"wp:attachment":[{"href":"http:\/\/agciconsult.net\/fr\/wp-json\/wp\/v2\/media?parent=43"}],"curies":[{"name":"wp","href":"https:\/\/api.w.org\/{rel}","templated":true}]}}