{"id":325,"date":"2021-07-19T10:51:16","date_gmt":"2021-07-19T08:51:16","guid":{"rendered":"http:\/\/agciconsult.net\/fr\/?page_id=325"},"modified":"2023-05-24T12:03:56","modified_gmt":"2023-05-24T10:03:56","slug":"excel-initiation","status":"publish","type":"page","link":"http:\/\/agciconsult.net\/fr\/excel-initiation\/","title":{"rendered":"Excel Initiation"},"content":{"rendered":"\n<h3>Objectif : <\/h3>\n\n\n\n<p><br>\u00catre capable d\u2019utiliser les fonctions de base du logiciel Excel 2 Jours<\/p>\n\n\n\n<h3>Dur\u00e9e :<\/h3>\n\n\n\n<p><\/p>\n\n\n\n<p>14 heures<\/p>\n\n\n\n<h3>Public :<\/h3>\n\n\n\n<p><\/p>\n\n\n\n<p>Toute personne d\u00e9sirant acqu\u00e9rir des comp\u00e9tences dans l&rsquo;utilisation quotidienne d&rsquo;un tableur.<\/p>\n\n\n\n<h3>Pr\u00e9-requis<\/h3>\n\n\n\n<p><\/p>\n\n\n\n<p>Conna\u00eetre l\u2019environnement Windows dans ses manipulations de base.<\/p>\n\n\n\n<hr class=\"wp-block-separator\"\/>\n\n\n\n<p class=\"has-black-color has-text-color has-medium-font-size\"><strong>Contenu<\/strong><\/p>\n\n\n\n<p class=\"has-black-color has-text-color\"><strong>1 &#8211; Environnement de travail<\/strong><\/p>\n\n\n\n<p>Lancement<br>Description de l&rsquo;\u00e9cran<br>Notions de base : menus, onglets et bo\u00eetes de<br>dialogues, modes d\u2019affichage, aide en ligne<br>Pointeurs souris<br>Barres d\u2019outils<\/p>\n\n\n\n<p class=\"has-black-color has-text-color\"><strong>2 &#8211; Construction d\u2019un tableau<\/strong><\/p>\n\n\n\n<p>Saisie de texte et de chiffres :<br>            &#8211; modifications<br>            &#8211; d\u00e9placement et copie<br>Mise en place de calculs :<br>&#8211; saisie des formules avec op\u00e9rateurs<br>&#8211; recopie de formules<br>&#8211; fonction Somme<br>Mise en forme du tableau :<br>&#8211; encadrement<br>&#8211; alignement<br>Pr\u00e9sentation des nombres<br>Colonnes et lignes<br>&#8211; Insertion et taille<br>Utiliser les s\u00e9ries existantes<br>S\u00e9ries lin\u00e9aire, chronologiques<br><\/p>\n\n\n\n<p class=\"has-black-color has-text-color\"><strong>3 &#8211; Impression<\/strong><\/p>\n\n\n\n<p>Aper\u00e7u avant impression :<\/p>\n\n\n\n<p>&#8211; en-t\u00eates et pieds de page<\/p>\n\n\n\n<p>&#8211; marges et orientation<br>  Insertion de sauts de page<br>  Impression<\/p>\n\n\n\n<p class=\"has-black-color has-text-color\"><strong>4 &#8211; Gestion du classeur<\/strong><\/p>\n\n\n\n<p>Enregistrement d\u2019un classeur<br>Fermeture d\u2019un classeur<br>Ouverture d\u2019un classeur<br>Nommer une feuille<br>Nommer une plage de cellules<br>Ajout et suppression des feuilles<\/p>\n\n\n\n<p class=\"has-black-color has-text-color\"><strong>5 &#8211; Formules de calcul<\/strong><br><br>Fonction Moyenne<br>Calculs de pourcentages<br>Fonctions Texte<br>Fonction sous.total<br>Adresse absolues et relatives<br>Les noms de cellules<\/p>\n\n\n\n<p class=\"has-black-color has-text-color\"><strong>6 &#8211; Les Graphiques<\/strong><br><br>Cr\u00e9er un graphique simple<br>Modifier et personnaliser un graphique<\/p>\n\n\n\n<p class=\"has-black-color has-text-color\"><strong>7 &#8211; Les Listes (Base de donn\u00e9es)<\/strong><\/p>\n\n\n\n<p>G\u00e9rer une liste<br>d\u00e9finition d\u2019une base de donn\u00e9es<br>la saisie<br>les tris<br>les filtres automatiques<br>les filtres personnalis\u00e9s<\/p>\n\n\n\n<p class=\"has-black-color has-text-color\"><strong>8 &#8211; Cas pratiques<\/strong><\/p>\n\n\n\n<p>Cette formation est accessible aux personnes en situation d&rsquo;handicap<\/p>\n","protected":false},"excerpt":{"rendered":"<p>Objectif : \u00catre capable d\u2019utiliser les fonctions de base du logiciel Excel 2 Jours Dur\u00e9e : 14 heures Public : Toute personne d\u00e9sirant acqu\u00e9rir des comp\u00e9tences dans l&rsquo;utilisation quotidienne d&rsquo;un tableur. Pr\u00e9-requis Conna\u00eetre l\u2019environnement Windows dans ses manipulations de base.&hellip; <\/p>\n","protected":false},"author":1,"featured_media":0,"parent":0,"menu_order":0,"comment_status":"closed","ping_status":"closed","template":"","meta":[],"_links":{"self":[{"href":"http:\/\/agciconsult.net\/fr\/wp-json\/wp\/v2\/pages\/325"}],"collection":[{"href":"http:\/\/agciconsult.net\/fr\/wp-json\/wp\/v2\/pages"}],"about":[{"href":"http:\/\/agciconsult.net\/fr\/wp-json\/wp\/v2\/types\/page"}],"author":[{"embeddable":true,"href":"http:\/\/agciconsult.net\/fr\/wp-json\/wp\/v2\/users\/1"}],"replies":[{"embeddable":true,"href":"http:\/\/agciconsult.net\/fr\/wp-json\/wp\/v2\/comments?post=325"}],"version-history":[{"count":5,"href":"http:\/\/agciconsult.net\/fr\/wp-json\/wp\/v2\/pages\/325\/revisions"}],"predecessor-version":[{"id":456,"href":"http:\/\/agciconsult.net\/fr\/wp-json\/wp\/v2\/pages\/325\/revisions\/456"}],"wp:attachment":[{"href":"http:\/\/agciconsult.net\/fr\/wp-json\/wp\/v2\/media?parent=325"}],"curies":[{"name":"wp","href":"https:\/\/api.w.org\/{rel}","templated":true}]}}