{"id":324,"date":"2021-07-19T10:24:02","date_gmt":"2021-07-19T08:24:02","guid":{"rendered":"http:\/\/agciconsult.net\/fr\/?page_id=324"},"modified":"2023-05-24T12:04:30","modified_gmt":"2023-05-24T10:04:30","slug":"excel-perfectionnement-niveau-2","status":"publish","type":"page","link":"http:\/\/agciconsult.net\/fr\/excel-perfectionnement-niveau-2\/","title":{"rendered":"Excel Perfectionnement Niveau 2"},"content":{"rendered":"\n<h3>Objectif :<\/h3>\n\n\n\n<p><\/p>\n\n\n\n<p>Permettre \u00e0 l\u2019utilisateur d\u2019acqu\u00e9rir une autonomie dans l\u2019utilisation d\u2019Excel.<br>\u00catre capable d\u2019utiliser les fonctions avanc\u00e9es d\u2019Excel.<\/p>\n\n\n\n<h3>Dur\u00e9e :<\/h3>\n\n\n\n<p><\/p>\n\n\n\n<p>3 Jours soit 21 heures<\/p>\n\n\n\n<h3>Public :<\/h3>\n\n\n\n<p><\/p>\n\n\n\n<p>Toute personne devant ma\u00eetriser les fonctions avanc\u00e9es d\u2019Excel.<\/p>\n\n\n\n<h3>Pr\u00e9-requis<\/h3>\n\n\n\n<p><\/p>\n\n\n\n<p>Conna\u00eetre Excel dans ses fonctions de base.<br>Contenu<br><br><\/p>\n\n\n\n<hr class=\"wp-block-separator\"\/>\n\n\n\n<p class=\"has-black-color has-text-color has-medium-font-size\"><strong>Contenu<\/strong><\/p>\n\n\n\n<p class=\"has-black-color has-text-color\"><strong>1 &#8211; Rappel des manipulations de base<\/strong><\/p>\n\n\n\n<p class=\"has-text-color\" style=\"color:#888d91\"><br>Conception d\u2019un tableau<br>Formules et recopie<br>Formatage du tableau<br>Mise en page du document<br>G\u00e9rer un graphique<br><\/p>\n\n\n\n<p class=\"has-black-color has-text-color\"><strong>2 -Formules de calcul avanc\u00e9es<\/strong><\/p>\n\n\n\n<p class=\"has-text-color\" style=\"color:#888d91\"><br>Rappel sur les fonctions<br>Assistant fonction<br>Formule conditionnelle (Si, ET, OU)<br>Fonctions dates<br>La fonction recherche V H<br>Fonction sous.total<br>Fonctions Texte<br><\/p>\n\n\n\n<p class=\"has-black-color has-text-color\"><strong>3 &#8211; Optimiser les feuilles de calcul<\/strong><br><\/p>\n\n\n\n<p class=\"has-text-color\" style=\"color:#888d91\">Rappel sur la gestion du classeur<br>Prot\u00e9ger la feuille de calcul<br>La gestion du groupe de travail<br>Copier avec liaison un tableau sur Word<br><\/p>\n\n\n\n<p class=\"has-black-color has-text-color\"><strong>4 &#8211; Les liaisons<\/strong><br><\/p>\n\n\n\n<p class=\"has-text-color\" style=\"color:#888d91\">Entre Cellules<br>Entre Feuilles<br>Entre Classeur<br>Consolidation<br><\/p>\n\n\n\n<p class=\"has-black-color has-text-color\"><strong>5 &#8211; Les Graphiques<\/strong><br><\/p>\n\n\n\n<p class=\"has-text-color\" style=\"color:#888d91\">Mise en forme \u00e9labor\u00e9e<br>Types de graphiques complexes<br>Mod\u00e8le de graphique<\/p>\n\n\n\n<p class=\"has-black-color has-text-color\"><strong>6 &#8211; Les Listes (Base de donn\u00e9es)<\/strong><\/p>\n\n\n\n<p class=\"has-text-color\" style=\"color:#888d91\"><br>     G\u00e9rer une liste<\/p>\n\n\n\n<ul class=\"has-text-color\" style=\"color:#888d91\"><li>d\u00e9finition d\u2019une base de donn\u00e9es<\/li><li>la saisie<\/li><li>les tris<\/li><li>les filtres automatiques<\/li><li>les filtres personnalis\u00e9s<br><br>Exploiter une liste<\/li><li>les filtres \u00e9labor\u00e9s<\/li><li>zone de crit\u00e8res<\/li><li>zone d\u2019extraction<br> Calculs de base de donn\u00e9es<br> Ins\u00e9rer des sous-Totaux<br> Validation de donn\u00e9es<\/li><\/ul>\n\n\n\n<p class=\"has-black-color has-text-color\"><strong>7 -Le Tableau crois\u00e9 dynamique<\/strong><\/p>\n\n\n\n<p class=\"has-text-color\" style=\"color:#888d91\"><br>D\u00e9finition et objectif d\u2019utilisation<br>Mise en place \u00e0 partir d\u2019une liste existante<br>Assistant tableau crois\u00e9 dynamique<br>Champs dynamiques :<\/p>\n\n\n\n<ul class=\"has-text-color\" style=\"color:#888d91\"><li>colonne, ligne<\/li><li>donn\u00e9es, page<br>Actualisation des donn\u00e9es<br>Mise en forme<br>Champs calcul\u00e9s<br>El\u00e9ments calcul\u00e9s<\/li><\/ul>\n\n\n\n<p class=\"has-black-color has-text-color\"><strong>8 &#8211; Les Macros<\/strong><\/p>\n\n\n\n<p class=\"has-text-color\" style=\"color:#888d91\"><br>Enregistrer une Macro<br>Inclure des macros dans une barre d\u2019outils<\/p>\n\n\n\n<p>Cette formation est accessible aux personnes en situation d&rsquo;handicap<\/p>\n","protected":false},"excerpt":{"rendered":"<p>Objectif : Permettre \u00e0 l\u2019utilisateur d\u2019acqu\u00e9rir une autonomie dans l\u2019utilisation d\u2019Excel.\u00catre capable d\u2019utiliser les fonctions avanc\u00e9es d\u2019Excel. Dur\u00e9e : 3 Jours soit 21 heures Public : Toute personne devant ma\u00eetriser les fonctions avanc\u00e9es d\u2019Excel. Pr\u00e9-requis Conna\u00eetre Excel dans ses fonctions&hellip; <\/p>\n","protected":false},"author":1,"featured_media":0,"parent":0,"menu_order":0,"comment_status":"closed","ping_status":"closed","template":"","meta":[],"_links":{"self":[{"href":"http:\/\/agciconsult.net\/fr\/wp-json\/wp\/v2\/pages\/324"}],"collection":[{"href":"http:\/\/agciconsult.net\/fr\/wp-json\/wp\/v2\/pages"}],"about":[{"href":"http:\/\/agciconsult.net\/fr\/wp-json\/wp\/v2\/types\/page"}],"author":[{"embeddable":true,"href":"http:\/\/agciconsult.net\/fr\/wp-json\/wp\/v2\/users\/1"}],"replies":[{"embeddable":true,"href":"http:\/\/agciconsult.net\/fr\/wp-json\/wp\/v2\/comments?post=324"}],"version-history":[{"count":9,"href":"http:\/\/agciconsult.net\/fr\/wp-json\/wp\/v2\/pages\/324\/revisions"}],"predecessor-version":[{"id":457,"href":"http:\/\/agciconsult.net\/fr\/wp-json\/wp\/v2\/pages\/324\/revisions\/457"}],"wp:attachment":[{"href":"http:\/\/agciconsult.net\/fr\/wp-json\/wp\/v2\/media?parent=324"}],"curies":[{"name":"wp","href":"https:\/\/api.w.org\/{rel}","templated":true}]}}