{"id":320,"date":"2021-07-16T18:02:50","date_gmt":"2021-07-16T16:02:50","guid":{"rendered":"http:\/\/agciconsult.net\/fr\/?page_id=320"},"modified":"2023-05-24T12:04:49","modified_gmt":"2023-05-24T10:04:49","slug":"excel-perfectionnement-niveau-3","status":"publish","type":"page","link":"http:\/\/agciconsult.net\/fr\/excel-perfectionnement-niveau-3\/","title":{"rendered":"Excel Perfectionnement \u2013 Niveau 3"},"content":{"rendered":"\n<h3><br>Objectif : <\/h3>\n\n\n\n<p><br>Permettre \u00e0 l\u2019utilisateur d\u2019acqu\u00e9rir une autonomie dans l\u2019utilisation d\u2019Excel.<br>\u00catre capable d\u2019utiliser les fonctions avanc\u00e9es d\u2019Excel.<\/p>\n\n\n\n<h3>Dur\u00e9e :<\/h3>\n\n\n\n<p><br>2 Jours soit 14 heures<\/p>\n\n\n\n<h3><br>Public :<\/h3>\n\n\n\n<p><br>Toute personne devant ma\u00eetriser les fonctions avanc\u00e9es d\u2019Excel.<\/p>\n\n\n\n<h3><br>Pr\u00e9-requis : <\/h3>\n\n\n\n<p><br>Conna\u00eetre Excel dans ses fonctions de base.<\/p>\n\n\n\n<hr class=\"wp-block-separator\"\/>\n\n\n\n<h4> Programme <\/h4>\n\n\n\n<p><\/p>\n\n\n\n<p class=\"has-black-color has-text-color has-normal-font-size\"><strong>1 &#8211; Formules de calcul avanc\u00e9es<\/strong><\/p>\n\n\n\n<p class=\"has-text-color\" style=\"color:#888d91\">&#8211; Rappel sur les fonctions<br>&#8211; Rappel sur le collage sp\u00e9cial<br>&#8211; Rappel sur le format conditionnel avec formule<br>&#8211; Formule conditionnelle (Si, ET, OU)<br>&#8211; Fonctions Statistiques (NB.SI, NBVIDE\u2026)<br>&#8211; Fonctions Math\u00e9matiques (SOMME.SI.ENS\u2026)<br>&#8211; Fonctions Texte (STXT,\u2026)<br>&#8211; Fonction de recherche (RechercheV, Indirect\u2026)<br>&#8211; Fonctions sp\u00e9cifiques 365 (si disponibles)<\/p>\n\n\n\n<p class=\"has-black-color has-text-color has-normal-font-size\"><strong>2 &#8211; Les Listes<\/strong><\/p>\n\n\n\n<p class=\"has-text-color\" style=\"color:#888d91\">&#8211; Les filtres \u00e9labor\u00e9s<br>&#8211; zone de crit\u00e8res<br>&#8211; zone d\u2019extraction<br>&#8211; extraction \u00e0 partir d\u2019une autre feuille<br>&#8211; Calculs de base de donn\u00e9es<br>&#8211; Validation de donn\u00e9es de type liste<br>&#8211; Zone<br><\/p>\n\n\n\n<p class=\"has-black-color has-text-color has-normal-font-size\"><strong>2 &#8211; Les Listes<\/strong><\/p>\n\n\n\n<p class=\"has-text-color\" style=\"color:#888d91\">&#8211; Les filtres \u00e9labor\u00e9s<br>&#8211; zone de crit\u00e8res<br>&#8211; zone d\u2019extraction<br>&#8211; extraction \u00e0 partir d\u2019une autre feuille<br>&#8211; Calculs de base de donn\u00e9es<br>&#8211; Validation de donn\u00e9es de type liste<br>&#8211; Zone<br>&#8211; Fonctions<\/p>\n\n\n\n<p class=\"has-black-color has-text-color has-normal-font-size\"><strong>3 &#8211; Tableau crois\u00e9 dynamique<\/strong><\/p>\n\n\n\n<p class=\"has-text-color\" style=\"color:#888d91\">&#8211; Rappels sur les tableaux crois\u00e9s<br>&#8211; Champs dynamiques :<br>     colonne, ligne<br>     donn\u00e9es, page<br>&#8211; Mise en forme<br>&#8211; Champs calcul\u00e9s<br>&#8211; El\u00e9ments calcul\u00e9s<br>&#8211; Tableau crois\u00e9 avec \u00e9tiquettes (tableau crois\u00e9 de<br>tableaux crois\u00e9s)<\/p>\n\n\n\n<h4 class=\"has-black-color has-text-color has-normal-font-size\"><strong>4 &#8211; Les Macros<\/strong><\/h4>\n\n\n\n<p class=\"has-text-color\" style=\"color:#888d91\">&#8211; Enregistrer une Macro (macro classeur, macro<br>classeur de macros\u2026)<br>&#8211; Inclure des macros dans une barre d\u2019outils ou dans<br>&#8211; un bouton<br>&#8211; Lecture du code<\/p>\n\n\n\n<p class=\"has-black-color has-text-color has-normal-font-size\"><strong>5 &#8211; Cas pratiques<\/strong><\/p>\n\n\n\n<p class=\"has-text-color\" style=\"color:#888d91\">Questions \/ R\u00e9ponses<\/p>\n\n\n\n<p>Cette formation est accessible aux personnes en situation d&rsquo;handicap<\/p>\n","protected":false},"excerpt":{"rendered":"<p>Objectif : Permettre \u00e0 l\u2019utilisateur d\u2019acqu\u00e9rir une autonomie dans l\u2019utilisation d\u2019Excel.\u00catre capable d\u2019utiliser les fonctions avanc\u00e9es d\u2019Excel. Dur\u00e9e : 2 Jours soit 14 heures Public : Toute personne devant ma\u00eetriser les fonctions avanc\u00e9es d\u2019Excel. Pr\u00e9-requis : Conna\u00eetre Excel dans ses&hellip; <\/p>\n","protected":false},"author":1,"featured_media":0,"parent":0,"menu_order":0,"comment_status":"closed","ping_status":"closed","template":"","meta":[],"_links":{"self":[{"href":"http:\/\/agciconsult.net\/fr\/wp-json\/wp\/v2\/pages\/320"}],"collection":[{"href":"http:\/\/agciconsult.net\/fr\/wp-json\/wp\/v2\/pages"}],"about":[{"href":"http:\/\/agciconsult.net\/fr\/wp-json\/wp\/v2\/types\/page"}],"author":[{"embeddable":true,"href":"http:\/\/agciconsult.net\/fr\/wp-json\/wp\/v2\/users\/1"}],"replies":[{"embeddable":true,"href":"http:\/\/agciconsult.net\/fr\/wp-json\/wp\/v2\/comments?post=320"}],"version-history":[{"count":9,"href":"http:\/\/agciconsult.net\/fr\/wp-json\/wp\/v2\/pages\/320\/revisions"}],"predecessor-version":[{"id":458,"href":"http:\/\/agciconsult.net\/fr\/wp-json\/wp\/v2\/pages\/320\/revisions\/458"}],"wp:attachment":[{"href":"http:\/\/agciconsult.net\/fr\/wp-json\/wp\/v2\/media?parent=320"}],"curies":[{"name":"wp","href":"https:\/\/api.w.org\/{rel}","templated":true}]}}