{"id":317,"date":"2021-07-16T17:39:30","date_gmt":"2021-07-16T15:39:30","guid":{"rendered":"http:\/\/agciconsult.net\/fr\/?page_id=317"},"modified":"2023-05-24T12:03:36","modified_gmt":"2023-05-24T10:03:36","slug":"access","status":"publish","type":"page","link":"http:\/\/agciconsult.net\/fr\/access\/","title":{"rendered":"Access niveau d\u00e9butant"},"content":{"rendered":"\n<h3>Objectif :<\/h3>\n\n\n\n<p><\/p>\n\n\n\n<p>\u00catre capable de concevoir et de g\u00e9rer une base de donn\u00e9es multitables. \u00catre<br>capable d\u2019exploiter les informations et d\u2019effectuer des tris, des requ\u00eates. \u00catre capable de cr\u00e9er des formulaires et des \u00e9tats.<\/p>\n\n\n\n<h3>Dur\u00e9e :<\/h3>\n\n\n\n<p><\/p>\n\n\n\n<p>3 Jours soit 21 heures<\/p>\n\n\n\n<h3>Public :<\/h3>\n\n\n\n<p><\/p>\n\n\n\n<p>Toute personne d\u00e9sirant cr\u00e9er, utiliser et g\u00e9rer une base de donn\u00e9es.<\/p>\n\n\n\n<h3>Pr\u00e9-requis :<\/h3>\n\n\n\n<p><\/p>\n\n\n\n<p>Conna\u00eetre l\u2019environnement Windows dans ses manipulations de base<\/p>\n\n\n\n<hr class=\"wp-block-separator\"\/>\n\n\n\n<h3 class=\"has-medium-font-size\">Contenu<\/h3>\n\n\n\n<h4 class=\"has-normal-font-size\"><strong>1 &#8211; Introduction et Mod\u00e8le conceptuel<\/strong><\/h4>\n\n\n\n<ul><li>Pr\u00e9sentation du logiciel<\/li><li>Pr\u00e9sentation du principe de SGBDR<\/li><li>Analyse d\u2019un projet<\/li><li>M\u00e9thode conceptuelle<\/li><li>R\u00e9alisation du mod\u00e8le logique<\/li><\/ul>\n\n\n\n<h4 class=\"has-normal-font-size\"><strong>2 &#8211; Environnement<\/strong><\/h4>\n\n\n\n<ul><li>Pr\u00e9sentation g\u00e9n\u00e9rale d\u2019une base de<br>donn\u00e9es relationnelle.<\/li><li>Pr\u00e9sentation d\u2019Access.<\/li><li>Pr\u00e9sentation des diff\u00e9rents objets (table, requ\u00eate, \u00e9tat, formulaire, ic\u00f4ne).<\/li><\/ul>\n\n\n\n<h4 class=\"has-normal-font-size\"><strong>3 &#8211; Cr\u00e9ation de tables<\/strong><\/h4>\n\n\n\n<ul><li>Les diff\u00e9rents types de champs.<\/li><li>Les propri\u00e9t\u00e9s de champs.<\/li><li>Visualiser la structure d\u2019une table.<\/li><li>Modification de la pr\u00e9sentation.<\/li><li>Impression de la structure.<\/li><\/ul>\n\n\n\n<h4 class=\"has-normal-font-size\"><strong>4 &#8211; Index, relations<\/strong><\/h4>\n\n\n\n<ul><li>Cl\u00e9 primaire.<\/li><li>Mettre en relation des tables.<\/li><li>Relation \u00ab une \u00e0 une \u00bb, relation \u00ab une \u00e0 plusieurs \u00bb.<\/li><\/ul>\n\n\n\n<h4 class=\"has-normal-font-size\"><strong>5 &#8211; Travail sur les enregistrements<\/strong><\/h4>\n\n\n\n<ul><li>D\u00e9placement et recherche.<\/li><li>Tri et filtre.<\/li><li>Modification, ajout, suppression.<\/li><li>Sauvegarde des \u00e9critures<\/li><\/ul>\n\n\n\n<h4 class=\"has-normal-font-size\"><strong>6 &#8211; Int\u00e9grit\u00e9 r\u00e9f\u00e9rentielle<\/strong><\/h4>\n\n\n\n<ul><li>D\u00e9finition du concept.<\/li><li>Cr\u00e9ation.<\/li><li>Mise en place de diff\u00e9rents niveaux d\u2019int\u00e9grit\u00e9.<\/li><li>Imprimer les relations.<\/li><\/ul>\n\n\n\n<h4 class=\"has-normal-font-size\"><strong>7 &#8211; Les formulaires<\/strong><\/h4>\n\n\n\n<ul><li>Cr\u00e9ation automatique d\u2019un formulaire.<\/li><li>Les outils du formulaire (cases \u00e0 cocher, liste d\u00e9roulante\u2026).<\/li><li>Utilisation.<\/li><li>Recherche, tri, filtre<\/li><li>Saisie et suppression d\u2019enregistrements.<\/li><li>Les sous-formulaires.<\/li><\/ul>\n\n\n\n<h4 class=\"has-normal-font-size\"><strong>8 &#8211; Les requ\u00eates<\/strong><\/h4>\n\n\n\n<ul><li>S\u00e9lection<\/li><li>Action<\/li><li>Analyse crois\u00e9e<\/li><\/ul>\n\n\n\n<h4 class=\"has-normal-font-size\"><strong>9 &#8211; \u00c9tats<\/strong><\/h4>\n\n\n\n<ul><li>D\u00e9couverte des \u00e9tats via un assistant de cr\u00e9ation d\u2019\u00e9tiquettes<\/li><li>Utilisation de cet \u00e9tat sur une requ\u00eate ou une autre table<\/li><li>\u00c9tat sur plusieurs tables : avec regroupement et totaux<\/li><li>Param\u00e8tres d\u2019impression et c\u00e9sure de page<\/li><\/ul>\n\n\n\n<p>Cette formation est accessible aux personnes en situation d&rsquo;handicap<\/p>\n","protected":false},"excerpt":{"rendered":"<p>Objectif : \u00catre capable de concevoir et de g\u00e9rer une base de donn\u00e9es multitables. \u00catrecapable d\u2019exploiter les informations et d\u2019effectuer des tris, des requ\u00eates. \u00catre capable de cr\u00e9er des formulaires et des \u00e9tats. Dur\u00e9e : 3 Jours soit 21 heures&hellip; <\/p>\n","protected":false},"author":1,"featured_media":0,"parent":0,"menu_order":0,"comment_status":"closed","ping_status":"closed","template":"","meta":[],"_links":{"self":[{"href":"http:\/\/agciconsult.net\/fr\/wp-json\/wp\/v2\/pages\/317"}],"collection":[{"href":"http:\/\/agciconsult.net\/fr\/wp-json\/wp\/v2\/pages"}],"about":[{"href":"http:\/\/agciconsult.net\/fr\/wp-json\/wp\/v2\/types\/page"}],"author":[{"embeddable":true,"href":"http:\/\/agciconsult.net\/fr\/wp-json\/wp\/v2\/users\/1"}],"replies":[{"embeddable":true,"href":"http:\/\/agciconsult.net\/fr\/wp-json\/wp\/v2\/comments?post=317"}],"version-history":[{"count":12,"href":"http:\/\/agciconsult.net\/fr\/wp-json\/wp\/v2\/pages\/317\/revisions"}],"predecessor-version":[{"id":455,"href":"http:\/\/agciconsult.net\/fr\/wp-json\/wp\/v2\/pages\/317\/revisions\/455"}],"wp:attachment":[{"href":"http:\/\/agciconsult.net\/fr\/wp-json\/wp\/v2\/media?parent=317"}],"curies":[{"name":"wp","href":"https:\/\/api.w.org\/{rel}","templated":true}]}}