{"id":3,"date":"2019-07-10T11:21:17","date_gmt":"2019-07-10T09:21:17","guid":{"rendered":"http:\/\/agciconsult.net\/fr\/?page_id=3"},"modified":"2019-07-10T16:37:19","modified_gmt":"2019-07-10T14:37:19","slug":"politique-de-confidentialite","status":"publish","type":"page","link":"http:\/\/agciconsult.net\/fr\/politique-de-confidentialite\/","title":{"rendered":"Politique de confidentialit\u00e9"},"content":{"rendered":"\n<h2>Qui sommes-nous&nbsp;?<\/h2>\n\n\n\n<p>L\u2019adresse de notre site Web est&nbsp;: http:\/\/agciconsult.net\/fr.<\/p>\n\n\n\n<h3>Informations de contact<\/h3>\n\n\n<p><strong>H\u00e9bergeur :<\/strong> Ce site est h\u00e9berg\u00e9 par la soci\u00e9t\u00e9 OVH, dont le si\u00e8ge social est situ\u00e9 au 140 quai du sartel 59100 Roubaix. www.ovh.com<\/p>\n<p><strong>Responsable de publication :<\/strong> Eric ZAPATA<\/p>\n<p>AGCI &#8211; Consult 2019 \/ RCS Lyon 483879136 \u2013 Code NAF 721 Z<\/p>\n<p><b>RESPECT DES DROITS DE PROPRI\u00c9T\u00c9 ET MARQUES<br \/><\/b><br \/>L\u00b4ensemble des \u00e9l\u00e9ments que vous voyez, que vous \u00e9coutez ou que vous lisez sur le site ainsi que le site sont prot\u00e9g\u00e9s par la l\u00e9gislation sur le droit d\u00b4auteur. Vous ne pouvez en aucun cas utiliser, distribuer, copier, reproduire, modifier, d\u00e9naturer ou transmettre le site ou des \u00e9l\u00e9ments du site, tels que textes, images ou sons sans l\u00b4autorisation \u00e9crite et pr\u00e9alable de l\u00b4annonceur. Les marques et logos figurant sur le site, sont la propri\u00e9t\u00e9 de l\u00b4annonceur ou font l\u00b4objet d\u00b4une autorisation d\u00b4utilisation. Aucun droit ou licence ne saurait \u00eatre attribu\u00e9 sur l\u00b4un quelconque de ces \u00e9l\u00e9ments sans l\u00b4autorisation \u00e9crite de l\u00b4annonceur ou du tiers, d\u00e9tenteur des droits sur la marque ou logo figurant sur le site. L\u00b4annonceur se r\u00e9serve le droit de poursuivre tout acte de contrefa\u00e7on de ses droits de propri\u00e9t\u00e9 intellectuelle, y compris dans le cadre d\u00b4une action p\u00e9nale.<br \/><br \/><b>RESPECT DES IMAGES<br \/><\/b><br \/>Les images ou photographies de personnes ou de lieux figurant sur le site, sont la propri\u00e9t\u00e9 de l\u00b4annonceur et\/ou sont utilis\u00e9es par l\u00b4annonceur avec l\u00b4accord des titulaires des droits. L\u00b4utilisation de ces images ou photographies est interdite sans autorisation sp\u00e9cifique et expresse de l\u00b4annonceur. Toute utilisation non autoris\u00e9e peut entra\u00eener une violation des droits d\u00b4auteur, des droits \u00e0 l\u00b4image, des droits des personnes ou de toutes autres r\u00e9glementations applicables aux communications ou \u00e0 la publicit\u00e9.<br \/><br \/><b>MISE EN GARDE G\u00c9N\u00c9RALE<br \/><\/b><br \/>L\u00b4annonceur ne saurait \u00eatre responsable des dommages qui pourraient r\u00e9sulter de l\u00b4acc\u00e8s ou de l\u00b4utilisation du site, incluant toutes d\u00e9t\u00e9riorations ou virus qui pourraient infecter votre \u00e9quipement informatique ou tout autre bien. Bien que l\u00b4annonceur s\u00b4efforce raisonnablement de mettre \u00e0 jour les informations pr\u00e9cises publi\u00e9es sur le site, l\u00b4annonceur ne saurait \u00eatre tenu pour responsable de toute erreur ou omission.<br \/><br \/><b>EXCLUSION DE RESPONSABILIT\u00c9 ET INDEMNISATION<br \/><\/b><br \/>L\u00b4annonceur ou toute autre partie intervenant en relation avec le site ne saurait \u00eatre responsable, des dommages directs, indirects ou autres, qui pourraient r\u00e9sulter de l\u00b4acc\u00e8s ou de l\u00b4utilisation du site ou des informations y figurant. Vous indemniserez, d\u00e9fendrez et pr\u00e9serverez l\u00b4annonceur et ses filiales, ainsi que ses administrateurs, dirigeants, salari\u00e9s, repr\u00e9sentants, d\u00e9tenteurs de licences ou quiconque impliqu\u00e9 dans la cr\u00e9ation, production et distribution du site, contre toute demande, responsabilit\u00e9, frais et d\u00e9penses r\u00e9sultant de votre violation des pr\u00e9sentes conditions d\u00b4utilisation ou en relation avec votre usage du site.<br \/><br \/><b>INFORMATIONS PERSONNELLES<br \/><\/b><br \/>Par informations personnelles, on entend \u00ab\u00a0les informations qui permettent, sous quelque forme que ce soit, directement ou non, l\u00b4identification des personnes physiques auxquelles elles s\u00b4appliquent\u00a0\u00bb (Extrait de l\u00b4article 4 de la loi n\u00b0 78-17 du 6 janvier 1978).\u00a0<br \/>Il s\u00b4agit par exemple :<br \/>d\u00b4un nom,<br \/>d\u00b4une adresse postale,<br \/>d\u00b4un num\u00e9ro de t\u00e9l\u00e9phone,<br \/>d\u00b4une adresse \u00e9lectronique.<br \/><br \/>La technique qui permet la configuration automatique du site au moment de votre connexion et la pr\u00e9s\u00e9lection d\u00b4informations est celle des cookies. Cela signifie que la configuration du site est li\u00e9e \u00e0 votre ordinateur et que donc toutes les personnes utilisant votre ordinateur ont un site configur\u00e9 de fa\u00e7on identique.<br \/><br \/><b>UTILISATION DE VOS DONN\u00c9ES PERSONNELLES<br \/><\/b><br \/>En utilisant ce site, vous consentez \u00e0 l\u00b4utilisation par notre site des donn\u00e9es personnelles vous concernant, que vous avez communiqu\u00e9es ou qui sont collect\u00e9es via le fonctionnement du site. Ces donn\u00e9es sont n\u00e9cessaires pour vous adresser notamment des newsletters et vous permettre de b\u00e9n\u00e9ficier de certains services offerts par ce site.<br \/><br \/>En vertu de la loi du 6 janvier 1978, vous b\u00e9n\u00e9ficiez d\u00b4un droit d\u00b4acc\u00e8s, de rectification ou d\u00b4opposition sur les donn\u00e9es nominatives collect\u00e9es qui vous concernent. Ces droits peuvent \u00eatre exerc\u00e9s en nous adressant un mail ou par courrier adress\u00e9 \u00e0 l\u00b4annonceur.<br \/><br \/>Nous vous pr\u00e9cisons que nous collectons de mani\u00e8re automatique via le fonctionnement du site, des informations concernant notamment les pages du site qui vous int\u00e9ressent le plus, ceci de mani\u00e8re \u00e0 \u00e9tablir \u00e0 partir de ces informations des analyses et des statistiques afin de mieux conna\u00eetre vos souhaits et vos centres d\u00b4int\u00e9r\u00eats. Nous pourrons ainsi et sous r\u00e9serve de ce qui suit, vous adresser des informations cibl\u00e9es en fonction de vos centres d\u00b4int\u00e9r\u00eats. Il se peut que nous utilisions \u00e0 cet effet des cookies.<br \/><br \/>Nous pouvons communiquer, \u00e0 l\u00b4exception de votre adresse e-mail, les donn\u00e9es personnelles ainsi collect\u00e9es \u00e0 tous tiers de notre choix, tels que nos prestataires ou fournisseurs qui concourent \u00e0 la fourniture des services propos\u00e9s. La communication de ces informations aupr\u00e8s de ces fournisseurs et prestataires peut \u00eatre n\u00e9cessaire \u00e0 la r\u00e9alisation des prestations. Vous pouvez vous opposer express\u00e9ment \u00e0 la communication de vos donn\u00e9es \u00e0 des tiers, par e-mail et\/ou par courrier adress\u00e9 \u00e0 l\u00b4annonceur.<br \/><br \/><b>CONCERNANT VOTRE ADRESSE E-MAIL<br \/><\/b><br \/>En nous communiquant votre adresse e-mail, l\u00b4annonceur se r\u00e9serve la possibilit\u00e9 de vous adresser par voie de e-mail, des newsletters et toute information concernant nos produits et nos services. Si vous ne souhaitez pas recevoir de tels messages, vous pouvez \u00e0 tout moment vous d\u00e9sabonner en cliquant sur le lien pr\u00e9vu \u00e0 cet effet, pr\u00e9sent lors de chaque envoi de newsletter.<br \/><br \/>Par ailleurs, nous pourrons transmettre votre adresse e-mail au profit de tiers susceptibles de vous adresser par e-mail des messages non sollicit\u00e9s susceptibles de vous int\u00e9resser. A tout moment vous pouvez nous contacter notamment par voie de e-mail pour nous demander l\u00b4arr\u00eat d\u00b4une telle communication de votre adresse e-mail.<br \/><br \/>Conform\u00e9ment au droit fran\u00e7ais, ces informations pourront \u00eatre d\u00e9voil\u00e9es par l\u00b4annonceur \u00e0 toute personne physique, morale ou entit\u00e9 administrative qui aurait la facult\u00e9 de l\u00b4exiger.<br \/><br \/>Enfin, l\u00b4annonceur cr\u00e9e \u00e0 partir des donn\u00e9es utilisateurs (informations nominatives ou non) des analyses statistiques pour ses propres besoins. Ces donn\u00e9es r\u00e9sultant de ces analyses \u00e9tant agr\u00e9g\u00e9es et donc totalement anonymes, l\u00b4annonceur se permettra \u00e9ventuellement de les c\u00e9der ou de les vendre \u00e0 des tiers.<br \/><br \/><b>LIENS EXTERNES<br \/><\/b><br \/>L\u00b4annonceur propose des liens depuis son site vers d\u00b4autres sites affili\u00e9s et non-affili\u00e9s. Ces sites sont ind\u00e9pendants du site. L\u00b4annonceur n\u00b4\u00e9dite pas et ne contr\u00f4le pas ces sites. Les liens vers tous sites ne constituent, en aucun cas, une approbation ou un partenariat entre l\u00b4annonceur et ces sites. D\u00e8s lors, l\u00b4annonceur ne saurait \u00eatre responsable de leurs contenus, leurs produits, leurs publicit\u00e9s ou tous \u00e9l\u00e9ments ou services pr\u00e9sent\u00e9s sur ces sites. Nous vous rappelons que les sites affili\u00e9s ou non-affili\u00e9s sont soumis \u00e0 leurs propres conditions d\u00b4utilisation et politiques de protection de la vie priv\u00e9e.<br \/><br \/><b>DROIT APPLICABLE<br \/><\/b><br \/>Le pr\u00e9sent site est soumis au droit fran\u00e7ais.<br \/><br \/><b>MODIFICATION DES CONDITIONS<br \/><\/b><br \/>L\u00b4annonceur se r\u00e9serve le droit de modifier ou de fa\u00e7on plus g\u00e9n\u00e9rale, d\u00b4actualiser les pr\u00e9sentes conditions g\u00e9n\u00e9rales \u00e0 tout moment et sans pr\u00e9avis. C\u00b4est pourquoi nous vous invitons \u00e0 les consulter r\u00e9guli\u00e8rement.<\/p>","protected":false},"excerpt":{"rendered":"<p>Qui sommes-nous&nbsp;? L\u2019adresse de notre site Web est&nbsp;: http:\/\/agciconsult.net\/fr. Informations de contact H\u00e9bergeur : Ce site est h\u00e9berg\u00e9 par la soci\u00e9t\u00e9 OVH, dont le si\u00e8ge social est situ\u00e9 au 140 quai du sartel 59100 Roubaix. www.ovh.com Responsable de publication :&hellip; <\/p>\n","protected":false},"author":1,"featured_media":0,"parent":0,"menu_order":0,"comment_status":"closed","ping_status":"open","template":"","meta":[],"_links":{"self":[{"href":"http:\/\/agciconsult.net\/fr\/wp-json\/wp\/v2\/pages\/3"}],"collection":[{"href":"http:\/\/agciconsult.net\/fr\/wp-json\/wp\/v2\/pages"}],"about":[{"href":"http:\/\/agciconsult.net\/fr\/wp-json\/wp\/v2\/types\/page"}],"author":[{"embeddable":true,"href":"http:\/\/agciconsult.net\/fr\/wp-json\/wp\/v2\/users\/1"}],"replies":[{"embeddable":true,"href":"http:\/\/agciconsult.net\/fr\/wp-json\/wp\/v2\/comments?post=3"}],"version-history":[{"count":1,"href":"http:\/\/agciconsult.net\/fr\/wp-json\/wp\/v2\/pages\/3\/revisions"}],"predecessor-version":[{"id":297,"href":"http:\/\/agciconsult.net\/fr\/wp-json\/wp\/v2\/pages\/3\/revisions\/297"}],"wp:attachment":[{"href":"http:\/\/agciconsult.net\/fr\/wp-json\/wp\/v2\/media?parent=3"}],"curies":[{"name":"wp","href":"https:\/\/api.w.org\/{rel}","templated":true}]}}