{"id":156,"date":"2014-05-04T15:58:04","date_gmt":"2014-05-04T15:58:04","guid":{"rendered":"http:\/\/demo.themegrill.com\/vintage\/?page_id=9"},"modified":"2019-07-10T15:16:21","modified_gmt":"2019-07-10T13:16:21","slug":"elegant-design","status":"publish","type":"page","link":"http:\/\/agciconsult.net\/fr\/elegant-design\/","title":{"rendered":"D\u00e9veloppement Informatiques"},"content":{"rendered":"<p>De l&rsquo;\u00e9valuation au Contrat p\u00e9dagogique<br \/>\nPlus de 10 ann\u00e9es d&rsquo;exp\u00e9rience &#8211; pour une d\u00e9marche p\u00e9dagogique<br \/>\norganis\u00e9e et m\u00e9thodique<\/p>\n","protected":false},"excerpt":{"rendered":"<p>De l&rsquo;\u00e9valuation au Contrat p\u00e9dagogique Plus de 10 ann\u00e9es d&rsquo;exp\u00e9rience &#8211; pour une d\u00e9marche p\u00e9dagogique organis\u00e9e et m\u00e9thodique<\/p>\n","protected":false},"author":1,"featured_media":0,"parent":0,"menu_order":0,"comment_status":"closed","ping_status":"closed","template":"","meta":[],"_links":{"self":[{"href":"http:\/\/agciconsult.net\/fr\/wp-json\/wp\/v2\/pages\/156"}],"collection":[{"href":"http:\/\/agciconsult.net\/fr\/wp-json\/wp\/v2\/pages"}],"about":[{"href":"http:\/\/agciconsult.net\/fr\/wp-json\/wp\/v2\/types\/page"}],"author":[{"embeddable":true,"href":"http:\/\/agciconsult.net\/fr\/wp-json\/wp\/v2\/users\/1"}],"replies":[{"embeddable":true,"href":"http:\/\/agciconsult.net\/fr\/wp-json\/wp\/v2\/comments?post=156"}],"version-history":[{"count":2,"href":"http:\/\/agciconsult.net\/fr\/wp-json\/wp\/v2\/pages\/156\/revisions"}],"predecessor-version":[{"id":251,"href":"http:\/\/agciconsult.net\/fr\/wp-json\/wp\/v2\/pages\/156\/revisions\/251"}],"wp:attachment":[{"href":"http:\/\/agciconsult.net\/fr\/wp-json\/wp\/v2\/media?parent=156"}],"curies":[{"name":"wp","href":"https:\/\/api.w.org\/{rel}","templated":true}]}}