{"id":155,"date":"2014-05-04T15:54:13","date_gmt":"2014-05-04T15:54:13","guid":{"rendered":"http:\/\/demo.themegrill.com\/vintage\/?page_id=6"},"modified":"2019-07-10T15:15:09","modified_gmt":"2019-07-10T13:15:09","slug":"retina-ready","status":"publish","type":"page","link":"http:\/\/agciconsult.net\/fr\/retina-ready\/","title":{"rendered":"Notre Savoir Faire"},"content":{"rendered":"<p><strong>Pr\u00e9-\u00e9valuation<\/strong><br \/>\nQuestionnaires de pr\u00e9paration sur les niveaux et besoins des stagiaires.<br \/>\n<strong>Objectifs<\/strong><br \/>\nObjectifs de formation et p\u00e9dagogiques clairement d\u00e9finis.<br \/>\n<strong>Post Formation<\/strong><br \/>\nAccompagnement \u2013 Coaching &#8211; Assistance t\u00e9l\u00e9phonique.<br \/>\n<strong>Support de cours<\/strong><br \/>\nSupports de cours personnalis\u00e9s d\u00e9livr\u00e9s \u00e0 chaque stagiaire.<\/p>\n","protected":false},"excerpt":{"rendered":"<p>Pr\u00e9-\u00e9valuation Questionnaires de pr\u00e9paration sur les niveaux et besoins des stagiaires. Objectifs Objectifs de formation et p\u00e9dagogiques clairement d\u00e9finis. Post Formation Accompagnement \u2013 Coaching &#8211; Assistance t\u00e9l\u00e9phonique. Support de cours Supports de cours personnalis\u00e9s d\u00e9livr\u00e9s \u00e0 chaque stagiaire.<\/p>\n","protected":false},"author":1,"featured_media":0,"parent":0,"menu_order":0,"comment_status":"closed","ping_status":"closed","template":"","meta":[],"_links":{"self":[{"href":"http:\/\/agciconsult.net\/fr\/wp-json\/wp\/v2\/pages\/155"}],"collection":[{"href":"http:\/\/agciconsult.net\/fr\/wp-json\/wp\/v2\/pages"}],"about":[{"href":"http:\/\/agciconsult.net\/fr\/wp-json\/wp\/v2\/types\/page"}],"author":[{"embeddable":true,"href":"http:\/\/agciconsult.net\/fr\/wp-json\/wp\/v2\/users\/1"}],"replies":[{"embeddable":true,"href":"http:\/\/agciconsult.net\/fr\/wp-json\/wp\/v2\/comments?post=155"}],"version-history":[{"count":1,"href":"http:\/\/agciconsult.net\/fr\/wp-json\/wp\/v2\/pages\/155\/revisions"}],"predecessor-version":[{"id":249,"href":"http:\/\/agciconsult.net\/fr\/wp-json\/wp\/v2\/pages\/155\/revisions\/249"}],"wp:attachment":[{"href":"http:\/\/agciconsult.net\/fr\/wp-json\/wp\/v2\/media?parent=155"}],"curies":[{"name":"wp","href":"https:\/\/api.w.org\/{rel}","templated":true}]}}