{"id":154,"date":"2014-05-04T15:47:19","date_gmt":"2014-05-04T15:47:19","guid":{"rendered":"http:\/\/demo.themegrill.com\/vintage\/?page_id=4"},"modified":"2019-07-10T15:13:06","modified_gmt":"2019-07-10T13:13:06","slug":"responsive-design","status":"publish","type":"page","link":"http:\/\/agciconsult.net\/fr\/responsive-design\/","title":{"rendered":"Garantie de Satisfaction"},"content":{"rendered":"<p>1. Si n\u00e9cessaire une \u00e9valuation pr\u00e9alable des besoins et niveaux des stagiaires sera effectu\u00e9e .<br \/>\n2. Mise \u00e0 disposition des stagiaires et du formateur tous les outils n\u00e9cessaires \u00e0 l\u2019atteinte de l\u2019objectif de<br \/>\nformation.<br \/>\n3. Remise avant la fin de chaque stage d\u2019un support de cours papier ou num\u00e9rique.<br \/>\n4. Remise au client d\u2019une copie de l\u2019\u00e9valuation des stagiaires<br \/>\n5. Nos formateurs sont des professionnels de la formation pour adultes, sp\u00e9cialistes dans leurs domaines<br \/>\nd\u2019interventions<\/p>\n","protected":false},"excerpt":{"rendered":"<p>1. Si n\u00e9cessaire une \u00e9valuation pr\u00e9alable des besoins et niveaux des stagiaires sera effectu\u00e9e . 2. Mise \u00e0 disposition des stagiaires et du formateur tous les outils n\u00e9cessaires \u00e0 l\u2019atteinte de l\u2019objectif de formation. 3. Remise avant la fin de&hellip; <\/p>\n","protected":false},"author":1,"featured_media":0,"parent":0,"menu_order":0,"comment_status":"closed","ping_status":"closed","template":"","meta":[],"_links":{"self":[{"href":"http:\/\/agciconsult.net\/fr\/wp-json\/wp\/v2\/pages\/154"}],"collection":[{"href":"http:\/\/agciconsult.net\/fr\/wp-json\/wp\/v2\/pages"}],"about":[{"href":"http:\/\/agciconsult.net\/fr\/wp-json\/wp\/v2\/types\/page"}],"author":[{"embeddable":true,"href":"http:\/\/agciconsult.net\/fr\/wp-json\/wp\/v2\/users\/1"}],"replies":[{"embeddable":true,"href":"http:\/\/agciconsult.net\/fr\/wp-json\/wp\/v2\/comments?post=154"}],"version-history":[{"count":2,"href":"http:\/\/agciconsult.net\/fr\/wp-json\/wp\/v2\/pages\/154\/revisions"}],"predecessor-version":[{"id":248,"href":"http:\/\/agciconsult.net\/fr\/wp-json\/wp\/v2\/pages\/154\/revisions\/248"}],"wp:attachment":[{"href":"http:\/\/agciconsult.net\/fr\/wp-json\/wp\/v2\/media?parent=154"}],"curies":[{"name":"wp","href":"https:\/\/api.w.org\/{rel}","templated":true}]}}